{"id":1121,"date":"2021-02-15T16:23:26","date_gmt":"2021-02-15T16:23:26","guid":{"rendered":"https:\/\/iclan.cm\/?page_id=1121"},"modified":"2021-08-13T20:37:46","modified_gmt":"2021-08-13T20:37:46","slug":"our-services","status":"publish","type":"page","link":"https:\/\/iclan.cm\/fr\/what-we-do\/our-services\/","title":{"rendered":"Our Services"},"content":{"rendered":"<div class=\"slider-wrapper relative \" id=\"slider-240710014\" >\n    <div class=\"slider slider-nav-circle slider-nav-large slider-nav-light slider-style-normal\"\n        data-flickity-options='{\n            \"cellAlign\": \"center\",\n            \"imagesLoaded\": true,\n            \"lazyLoad\": 1,\n            \"freeScroll\": false,\n            \"wrapAround\": true,\n            \"autoPlay\": 6000,\n            \"pauseAutoPlayOnHover\" : true,\n            \"prevNextButtons\": true,\n            \"contain\" : true,\n            \"adaptiveHeight\" : true,\n            \"dragThreshold\" : 5,\n            \"percentPosition\": true,\n            \"pageDots\": true,\n            \"rightToLeft\": false,\n            \"draggable\": true,\n            \"selectedAttraction\": 0.1,\n            \"parallax\" : 0,\n            \"friction\": 0.6        }'\n        >\n        \n\n  <div class=\"banner has-hover has-parallax\" id=\"banner-895465550\">\n          <div class=\"banner-inner fill\">\n        <div class=\"banner-bg fill\" data-parallax=\"-6\" data-parallax-container=\".banner\" data-parallax-background>\n            <div class=\"bg fill bg-fill \"><\/div>\n                        <div class=\"overlay\"><\/div>            \n\t<div class=\"is-border is-dashed\"\n\t\tstyle=\"border-color:rgba(0, 0, 0, 0);border-width:2px 2px 2px 2px;margin:10px 10px 10px 10px;\">\n\t<\/div>\n            <div class=\"effect-sparkle bg-effect fill no-click\"><\/div>        <\/div><!-- bg-layers -->\n        <div class=\"banner-layers container\">\n            <div class=\"fill banner-link\"><\/div>            \n   <div id=\"text-box-1913743953\" class=\"text-box banner-layer x50 md-x50 lg-x50 y50 md-y50 lg-y50 res-text\">\n                     <div data-animate=\"flipInY\">           <div class=\"text dark\">\n              \n              <div class=\"text-inner text-center\">\n                  \n<h2 class=\"lead\">Nos Services<\/h2>\n              <\/div>\n           <\/div><!-- text-box-inner -->\n       <\/div>                     \n<style scope=\"scope\">\n\n#text-box-1913743953 {\n  width: 84%;\n}\n#text-box-1913743953 .text {\n  font-size: 111%;\n}\n\n\n@media (min-width:550px) {\n\n  #text-box-1913743953 {\n    width: 57%;\n  }\n  #text-box-1913743953 .text {\n    font-size: 100%;\n  }\n\n}\n<\/style>\n    <\/div><!-- text-box -->\n \n        <\/div><!-- .banner-layers -->\n      <\/div><!-- .banner-inner -->\n\n            \n<style scope=\"scope\">\n\n#banner-895465550 {\n  padding-top: 21.5em;\n}\n#banner-895465550 .bg.bg-loaded {\n  background-image: url(https:\/\/iclan.cm\/wp-content\/uploads\/2021\/02\/MTN_SOHO_533898391-1024x683.jpg);\n}\n#banner-895465550 .overlay {\n  background-color: rgba(246, 208, 45, 0);\n}\n#banner-895465550 .bg {\n  background-position: 14% 23%;\n}\n<\/style>\n  <\/div><!-- .banner -->\n\n\n     <\/div>\n\n     <div class=\"loading-spin dark large centered\"><\/div>\n\n     <style scope=\"scope\">\n             <\/style>\n<\/div><!-- .ux-slider-wrapper -->\n\n\n<div class=\"row\"  id=\"row-105551669\">\n<div class=\"col small-12 large-12\"  ><div class=\"col-inner\"  >\n<h3><strong>Nous am\u00e9liorons l&rsquo;exp\u00e9rience num\u00e9rique<\/strong><\/h3>\nINNOVATIVE CLAN a d\u00e9but\u00e9 en 2018 avec le souci et la passion d&rsquo;offrir des solutions technologiques aux start-up et aux entreprises offrant un changement de paradigme complet. nous sommes une agence professionnelle de design web et mobile bas\u00e9e \u00e0 Douala. nous nous sp\u00e9cialisons dans les services de d\u00e9veloppement Web, de d\u00e9veloppement d&rsquo;applications USSD, de d\u00e9veloppement SharePoint et de d\u00e9veloppement d&rsquo;applications mobiles \u00e0 travers le Cameroun et au-del\u00e0.\n<\/div><\/div>\n<\/div>\n<div class=\"row shadow-inner row-box-shadow-2 row-box-shadow-1-hover\"  id=\"row-508560576\">\n<div class=\"col div-rounded medium-3 small-12 large-3\"  ><div class=\"col-inner\"  >\n\n  <div class=\"banner has-hover\" id=\"banner-1387170163\">\n          <div class=\"banner-inner fill\">\n        <div class=\"banner-bg fill\" >\n            <div class=\"bg fill bg-fill \"><\/div>\n                        <div class=\"overlay\"><\/div>            \n            <div class=\"effect-sparkle bg-effect fill no-click\"><\/div>        <\/div><!-- bg-layers -->\n        <div class=\"banner-layers container\">\n            <div class=\"fill banner-link\"><\/div>            \n   <div id=\"text-box-1431839196\" class=\"text-box banner-layer x15 md-x15 lg-x15 y95 md-y95 lg-y95 res-text\">\n                                <div class=\"text dark\">\n              \n              <div class=\"text-inner text-center\">\n                  \n<h3 class=\"\"><strong>D\u00e9veloppement web<\/strong><\/h3>\n<a href=\"\/what-we-do\/our-services\/web-development\/\" target=\"_self\" class=\"button primary is-large lowercase btn-yellow\"  style=\"border-radius:99px;\">\n    <span>View more<\/span>\n  <\/a>\n\n              <\/div>\n           <\/div><!-- text-box-inner -->\n                            \n<style scope=\"scope\">\n\n#text-box-1431839196 {\n  width: 60%;\n}\n#text-box-1431839196 .text {\n  font-size: 100%;\n}\n\n\n@media (min-width:550px) {\n\n  #text-box-1431839196 {\n    width: 74%;\n  }\n\n}\n<\/style>\n    <\/div><!-- text-box -->\n \n        <\/div><!-- .banner-layers -->\n      <\/div><!-- .banner-inner -->\n\n            \n<style scope=\"scope\">\n\n#banner-1387170163 {\n  padding-top: 17em;\n  background-color: rgba(0, 0, 0, 0);\n}\n#banner-1387170163 .bg.bg-loaded {\n  background-image: url(https:\/\/iclan.cm\/wp-content\/uploads\/2021\/02\/pexels-lukas-574069-1024x678.jpg);\n}\n#banner-1387170163 .overlay {\n  background-color: rgba(0, 0, 0, 0);\n}\n#banner-1387170163 .bg {\n  background-position: 100% 47%;\n}\n<\/style>\n  <\/div><!-- .banner -->\n\n\n<\/div><\/div>\n<div class=\"col div-rounded medium-3 small-12 large-3\"  ><div class=\"col-inner\"  >\n\n  <div class=\"banner has-hover\" id=\"banner-5694023\">\n          <div class=\"banner-inner fill\">\n        <div class=\"banner-bg fill\" >\n            <div class=\"bg fill bg-fill \"><\/div>\n                        <div class=\"overlay\"><\/div>            \n            <div class=\"effect-sparkle bg-effect fill no-click\"><\/div>        <\/div><!-- bg-layers -->\n        <div class=\"banner-layers container\">\n            <div class=\"fill banner-link\"><\/div>            \n   <div id=\"text-box-1716027543\" class=\"text-box banner-layer x15 md-x15 lg-x15 y95 md-y95 lg-y95 res-text\">\n                                <div class=\"text dark\">\n              \n              <div class=\"text-inner text-center\">\n                  \n<a href=\"\/what-we-do\/our-services\/ussd-apps-development\/\" target=\"_self\" class=\"button primary is-large lowercase btn-yellow\"  style=\"border-radius:99px;\">\n    <span>View more<\/span>\n  <\/a>\n\n              <\/div>\n           <\/div><!-- text-box-inner -->\n                            \n<style scope=\"scope\">\n\n#text-box-1716027543 {\n  width: 60%;\n}\n#text-box-1716027543 .text {\n  font-size: 100%;\n}\n\n\n@media (min-width:550px) {\n\n  #text-box-1716027543 {\n    width: 74%;\n  }\n\n}\n<\/style>\n    <\/div><!-- text-box -->\n \n        <\/div><!-- .banner-layers -->\n      <\/div><!-- .banner-inner -->\n\n            \n<style scope=\"scope\">\n\n#banner-5694023 {\n  padding-top: 17em;\n  background-color: rgba(0, 0, 0, 0);\n}\n#banner-5694023 .bg.bg-loaded {\n  background-image: url(https:\/\/iclan.cm\/wp-content\/uploads\/2021\/08\/ussd-ict4d.png);\n}\n#banner-5694023 .overlay {\n  background-color: rgba(0, 0, 0, 0);\n}\n#banner-5694023 .bg {\n  background-position: 40% 47%;\n}\n<\/style>\n  <\/div><!-- .banner -->\n\n\n<\/div><\/div>\n<div class=\"col div-rounded medium-3 small-12 large-3\"  ><div class=\"col-inner\"  >\n\n  <div class=\"banner has-hover\" id=\"banner-571569672\">\n          <div class=\"banner-inner fill\">\n        <div class=\"banner-bg fill\" >\n            <div class=\"bg fill bg-fill \"><\/div>\n                        <div class=\"overlay\"><\/div>            \n            <div class=\"effect-sparkle bg-effect fill no-click\"><\/div>        <\/div><!-- bg-layers -->\n        <div class=\"banner-layers container\">\n            <div class=\"fill banner-link\"><\/div>            \n   <div id=\"text-box-1568041769\" class=\"text-box banner-layer x15 md-x15 lg-x15 y95 md-y95 lg-y95 res-text\">\n                                <div class=\"text dark\">\n              \n              <div class=\"text-inner text-center\">\n                  \n<h3 class=\"\"><strong>D\u00e9veloppement Sharepoint<\/strong><\/h3>\n<a href=\"\/what-we-do\/our-services\/sharepoint-development\/\" target=\"_self\" class=\"button primary is-large lowercase btn-yellow\"  style=\"border-radius:99px;\">\n    <span>View more<\/span>\n  <\/a>\n\n              <\/div>\n           <\/div><!-- text-box-inner -->\n                            \n<style scope=\"scope\">\n\n#text-box-1568041769 {\n  width: 60%;\n}\n#text-box-1568041769 .text {\n  font-size: 100%;\n}\n\n\n@media (min-width:550px) {\n\n  #text-box-1568041769 {\n    width: 74%;\n  }\n\n}\n<\/style>\n    <\/div><!-- text-box -->\n \n        <\/div><!-- .banner-layers -->\n      <\/div><!-- .banner-inner -->\n\n            \n<style scope=\"scope\">\n\n#banner-571569672 {\n  padding-top: 17em;\n  background-color: rgba(0, 0, 0, 0);\n}\n#banner-571569672 .bg.bg-loaded {\n  background-image: url(https:\/\/iclan.cm\/wp-content\/uploads\/2021\/02\/pexels-tranmautritam-381949-1024x621.jpg);\n}\n#banner-571569672 .overlay {\n  background-color: rgba(0, 0, 0, 0);\n}\n#banner-571569672 .bg {\n  background-position: 100% 47%;\n}\n<\/style>\n  <\/div><!-- .banner -->\n\n\n<\/div><\/div>\n<div class=\"col div-rounded medium-3 small-12 large-3\"  ><div class=\"col-inner\"  >\n\n  <div class=\"banner has-hover\" id=\"banner-987266449\">\n          <div class=\"banner-inner fill\">\n        <div class=\"banner-bg fill\" >\n            <div class=\"bg fill bg-fill \"><\/div>\n                        <div class=\"overlay\"><\/div>            \n            <div class=\"effect-sparkle bg-effect fill no-click\"><\/div>        <\/div><!-- bg-layers -->\n        <div class=\"banner-layers container\">\n            <div class=\"fill banner-link\"><\/div>            \n   <div id=\"text-box-1204168273\" class=\"text-box banner-layer x15 md-x15 lg-x15 y95 md-y95 lg-y95 res-text\">\n                                <div class=\"text dark\">\n              \n              <div class=\"text-inner text-center\">\n                  \n<h3 class=\"\"><strong>D\u00e9veloppement d&rsquo;applications mobiles<\/strong><\/h3>\n<a href=\"\/what-we-do\/our-services\/mobile-apps-development\/\" target=\"_self\" class=\"button primary is-large lowercase btn-yellow\"  style=\"border-radius:99px;\">\n    <span>View more<\/span>\n  <\/a>\n\n              <\/div>\n           <\/div><!-- text-box-inner -->\n                            \n<style scope=\"scope\">\n\n#text-box-1204168273 {\n  width: 60%;\n}\n#text-box-1204168273 .text {\n  font-size: 100%;\n}\n\n\n@media (min-width:550px) {\n\n  #text-box-1204168273 {\n    width: 74%;\n  }\n\n}\n<\/style>\n    <\/div><!-- text-box -->\n \n        <\/div><!-- .banner-layers -->\n      <\/div><!-- .banner-inner -->\n\n            \n<style scope=\"scope\">\n\n#banner-987266449 {\n  padding-top: 17em;\n  background-color: rgba(0, 0, 0, 0);\n}\n#banner-987266449 .bg.bg-loaded {\n  background-image: url(https:\/\/iclan.cm\/wp-content\/uploads\/2021\/02\/pexels-cottonbro-5082579-1024x683.jpg);\n}\n#banner-987266449 .overlay {\n  background-color: rgba(0, 0, 0, 0);\n}\n#banner-987266449 .bg {\n  background-position: 100% 47%;\n}\n<\/style>\n  <\/div><!-- .banner -->\n\n\n<\/div><\/div>\n\n<style scope=\"scope\">\n\n<\/style>\n<\/div>","protected":false},"excerpt":{"rendered":"","protected":false},"author":1,"featured_media":0,"parent":46,"menu_order":0,"comment_status":"closed","ping_status":"closed","template":"page-blank.php","meta":{"footnotes":""},"class_list":["post-1121","page","type-page","status-publish","hentry"],"yoast_head":"<!-- This site is optimized with the Yoast SEO plugin v26.0 - https:\/\/yoast.com\/wordpress\/plugins\/seo\/ -->\n<title>Our Services - I-CLAN<\/title>\n<meta name=\"robots\" content=\"index, follow, max-snippet:-1, max-image-preview:large, max-video-preview:-1\" \/>\n<link rel=\"canonical\" href=\"https:\/\/iclan.cm\/what-we-do\/our-services\/\" \/>\n<meta property=\"og:locale\" content=\"fr_FR\" \/>\n<meta property=\"og:type\" content=\"article\" \/>\n<meta property=\"og:title\" content=\"Our Services - I-CLAN\" \/>\n<meta property=\"og:url\" content=\"https:\/\/iclan.cm\/what-we-do\/our-services\/\" \/>\n<meta property=\"og:site_name\" content=\"I-CLAN\" \/>\n<meta property=\"article:publisher\" content=\"https:\/\/web.facebook.com\/iclan.cm\" \/>\n<meta property=\"article:modified_time\" content=\"2021-08-13T20:37:46+00:00\" \/>\n<meta property=\"og:image\" content=\"https:\/\/iclan.cm\/wp-content\/uploads\/2021\/08\/iclan-1024x507.png\" \/>\n\t<meta property=\"og:image:width\" content=\"1024\" \/>\n\t<meta property=\"og:image:height\" content=\"507\" \/>\n\t<meta property=\"og:image:type\" content=\"image\/png\" \/>\n<meta name=\"twitter:card\" content=\"summary_large_image\" \/>\n<meta name=\"twitter:site\" content=\"@iclanLTD\" \/>\n<meta name=\"twitter:label1\" content=\"Dur\u00e9e de lecture estim\u00e9e\" \/>\n\t<meta name=\"twitter:data1\" content=\"2 minutes\" \/>\n<script type=\"application\/ld+json\" class=\"yoast-schema-graph\">{\"@context\":\"https:\/\/schema.org\",\"@graph\":[{\"@type\":\"WebPage\",\"@id\":\"https:\/\/iclan.cm\/what-we-do\/our-services\/\",\"url\":\"https:\/\/iclan.cm\/what-we-do\/our-services\/\",\"name\":\"Our Services - I-CLAN\",\"isPartOf\":{\"@id\":\"https:\/\/iclan.cm\/en\/#website\"},\"datePublished\":\"2021-02-15T16:23:26+00:00\",\"dateModified\":\"2021-08-13T20:37:46+00:00\",\"breadcrumb\":{\"@id\":\"https:\/\/iclan.cm\/what-we-do\/our-services\/#breadcrumb\"},\"inLanguage\":\"fr-FR\",\"potentialAction\":[{\"@type\":\"ReadAction\",\"target\":[\"https:\/\/iclan.cm\/what-we-do\/our-services\/\"]}]},{\"@type\":\"BreadcrumbList\",\"@id\":\"https:\/\/iclan.cm\/what-we-do\/our-services\/#breadcrumb\",\"itemListElement\":[{\"@type\":\"ListItem\",\"position\":1,\"name\":\"Home\",\"item\":\"https:\/\/iclan.cm\/en\/\"},{\"@type\":\"ListItem\",\"position\":2,\"name\":\"Our Products\",\"item\":\"https:\/\/iclan.cm\/what-we-do\/\"},{\"@type\":\"ListItem\",\"position\":3,\"name\":\"Our Services\"}]},{\"@type\":\"WebSite\",\"@id\":\"https:\/\/iclan.cm\/en\/#website\",\"url\":\"https:\/\/iclan.cm\/en\/\",\"name\":\"I-CLAN\",\"description\":\"L&#039;exp\u00e9rience de l&#039;innovation num\u00e9rique\",\"publisher\":{\"@id\":\"https:\/\/iclan.cm\/en\/#organization\"},\"potentialAction\":[{\"@type\":\"SearchAction\",\"target\":{\"@type\":\"EntryPoint\",\"urlTemplate\":\"https:\/\/iclan.cm\/en\/?s={search_term_string}\"},\"query-input\":{\"@type\":\"PropertyValueSpecification\",\"valueRequired\":true,\"valueName\":\"search_term_string\"}}],\"inLanguage\":\"fr-FR\"},{\"@type\":\"Organization\",\"@id\":\"https:\/\/iclan.cm\/en\/#organization\",\"name\":\"Innovative CLAN\",\"url\":\"https:\/\/iclan.cm\/en\/\",\"logo\":{\"@type\":\"ImageObject\",\"inLanguage\":\"fr-FR\",\"@id\":\"https:\/\/iclan.cm\/en\/#\/schema\/logo\/image\/\",\"url\":\"https:\/\/iclan.cm\/wp-content\/uploads\/2021\/02\/cropped-1541156131094-1.png\",\"contentUrl\":\"https:\/\/iclan.cm\/wp-content\/uploads\/2021\/02\/cropped-1541156131094-1.png\",\"width\":512,\"height\":512,\"caption\":\"Innovative CLAN\"},\"image\":{\"@id\":\"https:\/\/iclan.cm\/en\/#\/schema\/logo\/image\/\"},\"sameAs\":[\"https:\/\/web.facebook.com\/iclan.cm\",\"https:\/\/x.com\/iclanLTD\",\"https:\/\/www.linkedin.com\/company\/iclan\/\",\"https:\/\/www.youtube.com\/channel\/UCqlXEBjUoLxRRqqdSSj756g\"]}]}<\/script>\n<!-- \/ Yoast SEO plugin. -->","yoast_head_json":{"title":"Our Services - I-CLAN","robots":{"index":"index","follow":"follow","max-snippet":"max-snippet:-1","max-image-preview":"max-image-preview:large","max-video-preview":"max-video-preview:-1"},"canonical":"https:\/\/iclan.cm\/what-we-do\/our-services\/","og_locale":"fr_FR","og_type":"article","og_title":"Our Services - I-CLAN","og_url":"https:\/\/iclan.cm\/what-we-do\/our-services\/","og_site_name":"I-CLAN","article_publisher":"https:\/\/web.facebook.com\/iclan.cm","article_modified_time":"2021-08-13T20:37:46+00:00","og_image":[{"width":1024,"height":507,"url":"https:\/\/iclan.cm\/wp-content\/uploads\/2021\/08\/iclan-1024x507.png","type":"image\/png"}],"twitter_card":"summary_large_image","twitter_site":"@iclanLTD","twitter_misc":{"Dur\u00e9e de lecture estim\u00e9e":"2 minutes"},"schema":{"@context":"https:\/\/schema.org","@graph":[{"@type":"WebPage","@id":"https:\/\/iclan.cm\/what-we-do\/our-services\/","url":"https:\/\/iclan.cm\/what-we-do\/our-services\/","name":"Our Services - I-CLAN","isPartOf":{"@id":"https:\/\/iclan.cm\/en\/#website"},"datePublished":"2021-02-15T16:23:26+00:00","dateModified":"2021-08-13T20:37:46+00:00","breadcrumb":{"@id":"https:\/\/iclan.cm\/what-we-do\/our-services\/#breadcrumb"},"inLanguage":"fr-FR","potentialAction":[{"@type":"ReadAction","target":["https:\/\/iclan.cm\/what-we-do\/our-services\/"]}]},{"@type":"BreadcrumbList","@id":"https:\/\/iclan.cm\/what-we-do\/our-services\/#breadcrumb","itemListElement":[{"@type":"ListItem","position":1,"name":"Home","item":"https:\/\/iclan.cm\/en\/"},{"@type":"ListItem","position":2,"name":"Our Products","item":"https:\/\/iclan.cm\/what-we-do\/"},{"@type":"ListItem","position":3,"name":"Our Services"}]},{"@type":"WebSite","@id":"https:\/\/iclan.cm\/en\/#website","url":"https:\/\/iclan.cm\/en\/","name":"I-CLAN","description":"L&#039;exp\u00e9rience de l&#039;innovation num\u00e9rique","publisher":{"@id":"https:\/\/iclan.cm\/en\/#organization"},"potentialAction":[{"@type":"SearchAction","target":{"@type":"EntryPoint","urlTemplate":"https:\/\/iclan.cm\/en\/?s={search_term_string}"},"query-input":{"@type":"PropertyValueSpecification","valueRequired":true,"valueName":"search_term_string"}}],"inLanguage":"fr-FR"},{"@type":"Organization","@id":"https:\/\/iclan.cm\/en\/#organization","name":"Innovative CLAN","url":"https:\/\/iclan.cm\/en\/","logo":{"@type":"ImageObject","inLanguage":"fr-FR","@id":"https:\/\/iclan.cm\/en\/#\/schema\/logo\/image\/","url":"https:\/\/iclan.cm\/wp-content\/uploads\/2021\/02\/cropped-1541156131094-1.png","contentUrl":"https:\/\/iclan.cm\/wp-content\/uploads\/2021\/02\/cropped-1541156131094-1.png","width":512,"height":512,"caption":"Innovative CLAN"},"image":{"@id":"https:\/\/iclan.cm\/en\/#\/schema\/logo\/image\/"},"sameAs":["https:\/\/web.facebook.com\/iclan.cm","https:\/\/x.com\/iclanLTD","https:\/\/www.linkedin.com\/company\/iclan\/","https:\/\/www.youtube.com\/channel\/UCqlXEBjUoLxRRqqdSSj756g"]}]}},"_links":{"self":[{"href":"https:\/\/iclan.cm\/fr\/wp-json\/wp\/v2\/pages\/1121","targetHints":{"allow":["GET"]}}],"collection":[{"href":"https:\/\/iclan.cm\/fr\/wp-json\/wp\/v2\/pages"}],"about":[{"href":"https:\/\/iclan.cm\/fr\/wp-json\/wp\/v2\/types\/page"}],"author":[{"embeddable":true,"href":"https:\/\/iclan.cm\/fr\/wp-json\/wp\/v2\/users\/1"}],"replies":[{"embeddable":true,"href":"https:\/\/iclan.cm\/fr\/wp-json\/wp\/v2\/comments?post=1121"}],"version-history":[{"count":63,"href":"https:\/\/iclan.cm\/fr\/wp-json\/wp\/v2\/pages\/1121\/revisions"}],"predecessor-version":[{"id":2389,"href":"https:\/\/iclan.cm\/fr\/wp-json\/wp\/v2\/pages\/1121\/revisions\/2389"}],"up":[{"embeddable":true,"href":"https:\/\/iclan.cm\/fr\/wp-json\/wp\/v2\/pages\/46"}],"wp:attachment":[{"href":"https:\/\/iclan.cm\/fr\/wp-json\/wp\/v2\/media?parent=1121"}],"curies":[{"name":"wp","href":"https:\/\/api.w.org\/{rel}","templated":true}]}}