{"id":198,"date":"2021-02-09T23:31:42","date_gmt":"2021-02-09T23:31:42","guid":{"rendered":"https:\/\/iclan.cm\/?page_id=198"},"modified":"2023-10-16T16:52:36","modified_gmt":"2023-10-16T16:52:36","slug":"our-story","status":"publish","type":"page","link":"https:\/\/iclan.cm\/fr\/who-we-are\/our-story\/","title":{"rendered":"Our Story"},"content":{"rendered":"<div class=\"banner has-hover headerRounded\" id=\"banner-765725719\">\n          <div class=\"banner-inner fill\">\n        <div class=\"banner-bg fill\" >\n            <div class=\"bg fill bg-fill \"><\/div>\n                                    \n                    <\/div><!-- bg-layers -->\n        <div class=\"banner-layers container\">\n            <div class=\"fill banner-link\"><\/div>            \n   <div id=\"text-box-82585776\" class=\"text-box banner-layer x50 md-x50 lg-x50 y50 md-y50 lg-y50 res-text\">\n                                <div class=\"text dark\">\n              \n              <div class=\"text-inner text-center\">\n                  \n<h3 class=\"\"><strong>Notre Histoire<\/strong><\/h3>\n              <\/div>\n           <\/div><!-- text-box-inner -->\n                            \n<style scope=\"scope\">\n\n#text-box-82585776 {\n  width: 60%;\n}\n#text-box-82585776 .text {\n  font-size: 100%;\n}\n<\/style>\n    <\/div><!-- text-box -->\n \n        <\/div><!-- .banner-layers -->\n      <\/div><!-- .banner-inner -->\n\n            \n<style scope=\"scope\">\n\n#banner-765725719 {\n  padding-top: 99.99%;\n}\n#banner-765725719 .bg.bg-loaded {\n  background-image: url(https:\/\/iclan.cm\/wp-content\/uploads\/2021\/08\/pexels-christina-morillo-1181352-1024x684.jpg);\n}\n#banner-765725719 .bg {\n  background-position: 40% 15%;\n}\n\n\n@media (min-width:550px) {\n\n  #banner-765725719 {\n    padding-top: 21.5em;\n  }\n\n}\n<\/style>\n  <\/div><!-- .banner -->\n\n\n<div class=\"gap-element\" style=\"display:block; height:auto; padding-top:80px\" class=\"clearfix\"><\/div>\n<div class=\"row\"  id=\"row-1851312598\">\n<div class=\"col img-rounded medium-6 small-12 large-6\"  ><div class=\"col-inner\"  >\n\t<div class=\"img has-hover x md-x lg-x y md-y lg-y\" id=\"image_2069276542\">\n\t\t\t\t\t\t<div data-animate=\"fadeInLeft\">\t\t<div class=\"img-inner image-zoom-fade image-cover box-shadow-1 box-shadow-2-hover dark\" style=\"padding-top:21.2em;\">\n\t\t\t<img loading=\"lazy\" decoding=\"async\" width=\"1020\" height=\"693\" src=\"https:\/\/iclan.cm\/wp-content\/uploads\/2021\/05\/hackathon-1024x696.jpg\" class=\"attachment-large size-large\" alt=\"\" srcset=\"https:\/\/iclan.cm\/wp-content\/uploads\/2021\/05\/hackathon-1024x696.jpg 1024w, https:\/\/iclan.cm\/wp-content\/uploads\/2021\/05\/hackathon-300x204.jpg 300w, https:\/\/iclan.cm\/wp-content\/uploads\/2021\/05\/hackathon-768x522.jpg 768w, https:\/\/iclan.cm\/wp-content\/uploads\/2021\/05\/hackathon-1536x1044.jpg 1536w, https:\/\/iclan.cm\/wp-content\/uploads\/2021\/05\/hackathon-2048x1392.jpg 2048w\" sizes=\"auto, (max-width: 1020px) 100vw, 1020px\" \/>\t\t\t\t\t\t\n\t\t\t\t\t<\/div>\n\t\t<\/div>\t\t\t\t\t\t\n<style scope=\"scope\">\n\n#image_2069276542 {\n  width: 100%;\n}\n<\/style>\n\t<\/div>\n\t\n<\/div><\/div>\n<div class=\"col medium-6 small-12 large-6\"  ><div class=\"col-inner\"  >\n<div class=\"mtn-titlemtn-title--portfolio\">\n<h3 class=\"mtn-title--heading\"><strong class=\"edit\">Juin 2018<\/strong><\/h3>\n<\/div>\n<p>Dans le cadre des <strong>21 jours du y&rsquo;ello care<\/strong> organis\u00e9 par <a href=\"https:\/\/mtn.cm\/foundation\/\">La Fondation MTN<\/a> chaque juin. La session de juin 2018 s&rsquo;est termin\u00e9e en deux jours de hackathon. Le hackathon a r\u00e9uni 35 \u00e9tudiants de cinq instituts d&rsquo;enseignement sup\u00e9rieur \u00e0 travers le pays.<\/p>\n<p>Chaque \u00e9cole \u00e9tant repr\u00e9sent\u00e9e par un groupe de cinq (05) \u00e9tudiants, l&rsquo;objectif \u00e9tait d&rsquo;int\u00e9grer avec succ\u00e8s l&rsquo;API Mobile Money de MTN dans une id\u00e9e technologique innovante. Apr\u00e8s 48 heures de codage intense, l&rsquo;\u00e9quipe du Coll\u00e8ge de technologie de l&rsquo;Universit\u00e9 de Buea, compos\u00e9e de Nfor Carlton Mbunwe, Shafack Amanda Likhene, Ako Joelle Agbordang, Efuetlefack Nkongmik et Ndam Njei Lesly \u00e9merg\u00e9 gagnants du premier prix avec leur solution permettant le paiement des frais de scolarit\u00e9 par Mobile Money.<\/p>\n<\/div><\/div>\n<\/div>\n<div class=\"gap-element\" style=\"display:block; height:auto; padding-top:30px\" class=\"clearfix\"><\/div>\n<div class=\"row\"  id=\"row-1105153794\">\n<div class=\"col medium-6 small-12 large-6\"  ><div class=\"col-inner\"  >\n<div class=\"mtn-titlemtn-title--portfolio\">\n<h3 class=\"mtn-title--heading\"><strong>Octobre 2018<\/strong><\/h3>\n<\/div>\n<p>Apr\u00e8s avoir obtenu notre licence \u00e0 l&rsquo;Universit\u00e9 de Buea, MTN Cameroun a invit\u00e9 l&rsquo;\u00e9quipe gagnante \u00e0 son si\u00e8ge \u00e0 Douala, au Cameroun. Ils nous ont pr\u00e9sent\u00e9 l&rsquo;offre d&#8217;emploi, de participer \u00e0 leur programme d&rsquo;\u00e9tudes sup\u00e9rieures, ou l&rsquo;offre d&rsquo;un mentorat en entrepreneuriat de six mois o\u00f9 ils nous accompagneraient de leur exp\u00e9rience, pour nous aider \u00e0 atteindre notre objectif, am\u00e9liorer notre produit et d\u00e9marrer.<\/p>\n<p>Cela a conduit \u00e0 la naissance officielle de ce qui \u00e9tait d\u00e9j\u00e0, <a href=\"https:\/\/iclan.cm\">Innovative Clan<\/a>. Anim\u00e9s par la passion de faciliter la vie des gens gr\u00e2ce \u00e0 des solutions technologiques innovantes, nous avons adopt\u00e9 la voie de l&rsquo;entrepreneuriat et sommes devenus co-fondateurs d&rsquo;I-CLAN<\/p>\n<\/div><\/div>\n<div class=\"col img-rounded medium-6 small-12 large-6\"  ><div class=\"col-inner\"  >\n\t<div class=\"img has-hover x md-x lg-x y md-y lg-y\" id=\"image_994864064\">\n\t\t\t\t\t\t<div data-animate=\"fadeInRight\">\t\t<div class=\"img-inner image-zoom-fade image-cover box-shadow-1 box-shadow-2-hover dark\" style=\"padding-top:21.2em;\">\n\t\t\t<img loading=\"lazy\" decoding=\"async\" width=\"1020\" height=\"510\" src=\"https:\/\/iclan.cm\/wp-content\/uploads\/2021\/02\/IMG_20190608_184826_8-1024x512.jpg\" class=\"attachment-large size-large\" alt=\"\" srcset=\"https:\/\/iclan.cm\/wp-content\/uploads\/2021\/02\/IMG_20190608_184826_8-1024x512.jpg 1024w, https:\/\/iclan.cm\/wp-content\/uploads\/2021\/02\/IMG_20190608_184826_8-300x150.jpg 300w, https:\/\/iclan.cm\/wp-content\/uploads\/2021\/02\/IMG_20190608_184826_8-768x384.jpg 768w, https:\/\/iclan.cm\/wp-content\/uploads\/2021\/02\/IMG_20190608_184826_8-1536x768.jpg 1536w, https:\/\/iclan.cm\/wp-content\/uploads\/2021\/02\/IMG_20190608_184826_8-2048x1024.jpg 2048w\" sizes=\"auto, (max-width: 1020px) 100vw, 1020px\" \/>\t\t\t\t\t\t\n\t\t\t\t\t<\/div>\n\t\t<\/div>\t\t\t\t\t\t\n<style scope=\"scope\">\n\n#image_994864064 {\n  width: 100%;\n}\n<\/style>\n\t<\/div>\n\t\n<\/div><\/div>\n<\/div>\n<div class=\"gap-element\" style=\"display:block; height:auto; padding-top:30px\" class=\"clearfix\"><\/div>\n<div class=\"row\"  id=\"row-264108519\">\n<div class=\"col img-rounded medium-6 small-12 large-6\"  ><div class=\"col-inner\"  >\n\t<div class=\"img has-hover x md-x lg-x y md-y lg-y\" id=\"image_2037363499\">\n\t\t\t\t\t\t\t\t<div class=\"img-inner image-zoom-fade image-cover dark\" style=\"padding-top:21.2em;\">\n\t\t\t<img loading=\"lazy\" decoding=\"async\" width=\"1020\" height=\"1020\" src=\"https:\/\/iclan.cm\/wp-content\/uploads\/2021\/05\/61565617_436257830521168_4571470822295732224_n-1024x1024.jpg\" class=\"attachment-large size-large\" alt=\"\" srcset=\"https:\/\/iclan.cm\/wp-content\/uploads\/2021\/05\/61565617_436257830521168_4571470822295732224_n-1024x1024.jpg 1024w, https:\/\/iclan.cm\/wp-content\/uploads\/2021\/05\/61565617_436257830521168_4571470822295732224_n-300x300.jpg 300w, https:\/\/iclan.cm\/wp-content\/uploads\/2021\/05\/61565617_436257830521168_4571470822295732224_n-150x150.jpg 150w, https:\/\/iclan.cm\/wp-content\/uploads\/2021\/05\/61565617_436257830521168_4571470822295732224_n-768x768.jpg 768w, https:\/\/iclan.cm\/wp-content\/uploads\/2021\/05\/61565617_436257830521168_4571470822295732224_n.jpg 1080w\" sizes=\"auto, (max-width: 1020px) 100vw, 1020px\" \/>\t\t\t\t\t\t\n\t\t\t\t\t<\/div>\n\t\t\t\t\t\t\t\t\n<style scope=\"scope\">\n\n#image_2037363499 {\n  width: 100%;\n}\n<\/style>\n\t<\/div>\n\t\n<\/div><\/div>\n<div class=\"col medium-6 small-12 large-6\"  ><div class=\"col-inner\"  >\n<h3 class=\"mtn-title--heading\"><strong>Juin 2019<\/strong><\/h3>\n<p>I-CLAN lance son premier produit <a href=\"https:\/\/www.facebook.com\/237food\/\">237Food<\/a>. Une plate-forme de commande de nourriture en ligne pour mobile et Web. Permettre aux utilisateurs de commander de la nourriture dans leurs restaurants pr\u00e9f\u00e9r\u00e9s et de se la faire livrer chez eux ou au bureau.<\/p>\n<p>L&rsquo;application ciblait principalement la population de la classe moyenne et la phase pilote a \u00e9t\u00e9 r\u00e9alis\u00e9e dans la ville de Douala. La plate-forme a r\u00e9uni les meilleurs restaurants et clients qui commandaient toujours de se faire livrer dans leurs bureaux.<\/p>\n<p>Cependant, 237Food a \u00e9t\u00e9 interrompu par la suite pour un examen autour d&rsquo;un meilleur mod\u00e8le de livraison qui profitera \u00e0 tous les acteurs cl\u00e9s de l&rsquo;\u00e9cosyst\u00e8me.<\/p>\n<\/div><\/div>\n<\/div>\n<div class=\"gap-element\" style=\"display:block; height:auto; padding-top:30px\" class=\"clearfix\"><\/div>\n<div class=\"row\"  id=\"row-2005041585\">\n<div class=\"col medium-6 small-12 large-6\"  ><div class=\"col-inner\"  >\n<p>&nbsp;<\/p>\n<div class=\"mtn-titlemtn-title - portfolio\">\n<h3 class=\"mtn-title - header\"><strong> Septembre 2019 <\/strong><\/h3>\n<\/div>\n<p>Apr\u00e8s avoir obtenu notre licence \u00e0 l&rsquo;Universit\u00e9 de Buea, MTN Cameroun a invit\u00e9 l&rsquo;\u00e9quipe gagnante \u00e0 son si\u00e8ge \u00e0 Douala, au Cameroun. Ils nous ont pr\u00e9sent\u00e9 l&rsquo;offre d&#8217;emploi, de participer \u00e0 leur programme d&rsquo;\u00e9tudes sup\u00e9rieures, ou l&rsquo;offre d&rsquo;un mentorat en entrepreneuriat de six mois o\u00f9 ils nous accompagneraient, avec leur exp\u00e9rience, pour nous aider \u00e0 r\u00e9aliser notre objectif. Am\u00e9liorez notre produit et mettez-le en service.<\/p>\n<p>Cela a conduit \u00e0 la naissance officielle de ce qui \u00e9tait d\u00e9j\u00e0, <a href=\"https:\/\/iclan.cm\"> Innovative Clan <\/a>. Anim\u00e9s par la passion de faciliter la vie des gens gr\u00e2ce \u00e0 des solutions technologiques innovantes, nous avons embrass\u00e9 la voie de l&rsquo;entrepreneuriat et sommes devenus co-fondateurs d&rsquo;I-CLAN.<\/p>\n<\/div><\/div>\n<div class=\"col img-rounded medium-6 small-12 large-6\"  ><div class=\"col-inner\"  >\n\t<div class=\"img has-hover x md-x lg-x y md-y lg-y\" id=\"image_1020248393\">\n\t\t\t\t\t\t<div data-animate=\"fadeInRight\">\t\t<div class=\"img-inner image-zoom-fade image-cover box-shadow-1 box-shadow-2-hover dark\" style=\"padding-top:21.2em;\">\n\t\t\t<img loading=\"lazy\" decoding=\"async\" width=\"1020\" height=\"520\" src=\"https:\/\/iclan.cm\/wp-content\/uploads\/2021\/08\/seoImage-1024x522.png\" class=\"attachment-large size-large\" alt=\"\" srcset=\"https:\/\/iclan.cm\/wp-content\/uploads\/2021\/08\/seoImage-1024x522.png 1024w, https:\/\/iclan.cm\/wp-content\/uploads\/2021\/08\/seoImage-300x153.png 300w, https:\/\/iclan.cm\/wp-content\/uploads\/2021\/08\/seoImage-768x391.png 768w, https:\/\/iclan.cm\/wp-content\/uploads\/2021\/08\/seoImage-1536x782.png 1536w, https:\/\/iclan.cm\/wp-content\/uploads\/2021\/08\/seoImage.png 1920w\" sizes=\"auto, (max-width: 1020px) 100vw, 1020px\" \/>\t\t\t\t\t\t\n\t\t\t\t\t<\/div>\n\t\t<\/div>\t\t\t\t\t\t\n<style scope=\"scope\">\n\n#image_1020248393 {\n  width: 100%;\n}\n<\/style>\n\t<\/div>\n\t\n<\/div><\/div>\n<\/div>\n<div class=\"gap-element\" style=\"display:block; height:auto; padding-top:30px\" class=\"clearfix\"><\/div>\n<div class=\"row\"  id=\"row-612610808\">\n<div class=\"col img-rounded medium-6 small-12 large-6\"  ><div class=\"col-inner\"  >\n\t<div class=\"img has-hover x md-x lg-x y md-y lg-y\" id=\"image_1458691055\">\n\t\t\t\t\t\t\t\t<div class=\"img-inner image-zoom-fade image-cover dark\" style=\"padding-top:21.2em;\">\n\t\t\t<img loading=\"lazy\" decoding=\"async\" width=\"1020\" height=\"536\" src=\"https:\/\/iclan.cm\/wp-content\/uploads\/2021\/02\/cartescolare-dashboard-2-1024x538.png\" class=\"attachment-large size-large\" alt=\"\" srcset=\"https:\/\/iclan.cm\/wp-content\/uploads\/2021\/02\/cartescolare-dashboard-2-1024x538.png 1024w, https:\/\/iclan.cm\/wp-content\/uploads\/2021\/02\/cartescolare-dashboard-2-300x158.png 300w, https:\/\/iclan.cm\/wp-content\/uploads\/2021\/02\/cartescolare-dashboard-2-768x404.png 768w, https:\/\/iclan.cm\/wp-content\/uploads\/2021\/02\/cartescolare-dashboard-2-1536x807.png 1536w, https:\/\/iclan.cm\/wp-content\/uploads\/2021\/02\/cartescolare-dashboard-2.png 1920w\" sizes=\"auto, (max-width: 1020px) 100vw, 1020px\" \/>\t\t\t\t\t\t\n\t\t\t\t\t<\/div>\n\t\t\t\t\t\t\t\t\n<style scope=\"scope\">\n\n#image_1458691055 {\n  width: 100%;\n}\n<\/style>\n\t<\/div>\n\t\n<\/div><\/div>\n<div class=\"col medium-6 small-12 large-6\"  ><div class=\"col-inner\"  >\n<div class=\"mtn-titlemtn-title - portfolio\">\n<h3 class=\"mtn-title - header\"><strong> Juin 2019 <\/strong><\/h3>\n<\/div>\n<p>I-CLAN lance son premier produit <a href=\"https:\/\/www.facebook.com\/237food\/\"> 237Food <\/a>. Une plate-forme de commande de nourriture en ligne pour les utilisateurs mobiles et Web permettant aux utilisateurs de commander de la nourriture dans leurs restaurants pr\u00e9f\u00e9r\u00e9s et de se les faire livrer \u00e0 leur domicile ou au bureau.<\/p>\n<p>L&rsquo;application ciblait principalement la population de la classe moyenne et la phase pilote a \u00e9t\u00e9 men\u00e9e dans la ville de Douala. La plate-forme a r\u00e9uni les meilleurs restaurants et clients qui commandaient toujours de se faire livrer dans leurs bureaux.<\/p>\n<p>Cependant, 237Food a \u00e9t\u00e9 interrompu par la suite pour un examen autour d&rsquo;un meilleur mod\u00e8le de livraison qui profitera \u00e0 tous les acteurs cl\u00e9s de l&rsquo;\u00e9cosyst\u00e8me.<\/p>\n<\/div><\/div>\n<\/div>\n<div class=\"gap-element\" style=\"display:block; height:auto; padding-top:30px\" class=\"clearfix\"><\/div>\n<div class=\"row\"  id=\"row-1635471828\">\n<div class=\"col medium-6 small-12 large-6\"  ><div class=\"col-inner\"  >\n<p>&nbsp;<\/p>\n<div class=\"mtn-titlemtn-title - portfolio\">\n<h3 class=\"mtn-title--heading\"><strong>March 2021<\/strong><\/h3>\n<\/div>\n<p>Avance rapide \u00e0 2021, I-CLAN est fier d&rsquo;annoncer que nous avons conclu un partenariat avec le <a href=\"http:\/\/pak.cm\">Port Autonome de Kribi<\/a>, au Cameroun, en tant que paiements num\u00e9riques Enabler pour faciliter les transactions financi\u00e8res au niveau du port maritime. Cela survient apr\u00e8s qu&rsquo;Innovative Clan ait remport\u00e9 le 1er prix du hackathon organis\u00e9 par l&rsquo;Autorit\u00e9 portuaire de Kribi, en partenariat avec MTN Cameroun, les Brasseries du Cameroun et Nimbus.<\/p>\n<p>Parmi les 150 startups s\u00e9lectionn\u00e9es, parmi les 10 finalistes, la solution d&rsquo;I-CLAN pour permettre le paiement \u00e0 distance des biens et services au port et pour faciliter un rapprochement plus rapide des paiements nous a permis de nous d\u00e9marquer en tant que laur\u00e9ats de la 1\u00e8re \u00e9dition du PAK Hackathon.<\/p>\n<\/div><\/div>\n<div class=\"col img-rounded medium-6 small-12 large-6\"  ><div class=\"col-inner\"  >\n\t<div class=\"img has-hover x md-x lg-x y md-y lg-y\" id=\"image_225141809\">\n\t\t\t\t\t\t<div data-animate=\"fadeInRight\">\t\t<div class=\"img-inner image-zoom-fade image-cover box-shadow-1 box-shadow-2-hover dark\" style=\"padding-top:21.2em;\">\n\t\t\t<img loading=\"lazy\" decoding=\"async\" width=\"1020\" height=\"680\" src=\"https:\/\/iclan.cm\/wp-content\/uploads\/2021\/04\/166376090_639214920228331_3536914325993293683_n-1024x683.jpg\" class=\"attachment-large size-large\" alt=\"\" srcset=\"https:\/\/iclan.cm\/wp-content\/uploads\/2021\/04\/166376090_639214920228331_3536914325993293683_n-1024x683.jpg 1024w, https:\/\/iclan.cm\/wp-content\/uploads\/2021\/04\/166376090_639214920228331_3536914325993293683_n-300x200.jpg 300w, https:\/\/iclan.cm\/wp-content\/uploads\/2021\/04\/166376090_639214920228331_3536914325993293683_n-768x512.jpg 768w, https:\/\/iclan.cm\/wp-content\/uploads\/2021\/04\/166376090_639214920228331_3536914325993293683_n.jpg 1080w\" sizes=\"auto, (max-width: 1020px) 100vw, 1020px\" \/>\t\t\t\t\t\t\n\t\t\t\t\t<\/div>\n\t\t<\/div>\t\t\t\t\t\t\n<style scope=\"scope\">\n\n#image_225141809 {\n  width: 100%;\n}\n<\/style>\n\t<\/div>\n\t\n<\/div><\/div>\n<\/div>","protected":false},"excerpt":{"rendered":"","protected":false},"author":1,"featured_media":0,"parent":44,"menu_order":0,"comment_status":"closed","ping_status":"closed","template":"page-blank.php","meta":{"footnotes":""},"class_list":["post-198","page","type-page","status-publish","hentry"],"yoast_head":"<!-- This site is optimized with the Yoast SEO plugin v26.0 - https:\/\/yoast.com\/wordpress\/plugins\/seo\/ -->\n<title>Our Story - I-CLAN<\/title>\n<meta name=\"robots\" content=\"index, follow, max-snippet:-1, max-image-preview:large, max-video-preview:-1\" \/>\n<link rel=\"canonical\" href=\"https:\/\/iclan.cm\/who-we-are\/our-story\/\" \/>\n<meta property=\"og:locale\" content=\"fr_FR\" \/>\n<meta property=\"og:type\" content=\"article\" \/>\n<meta property=\"og:title\" content=\"Our Story - I-CLAN\" \/>\n<meta property=\"og:url\" content=\"https:\/\/iclan.cm\/who-we-are\/our-story\/\" \/>\n<meta property=\"og:site_name\" content=\"I-CLAN\" \/>\n<meta property=\"article:publisher\" content=\"https:\/\/web.facebook.com\/iclan.cm\" \/>\n<meta property=\"article:modified_time\" content=\"2023-10-16T16:52:36+00:00\" \/>\n<meta property=\"og:image\" content=\"https:\/\/iclan.cm\/wp-content\/uploads\/2021\/08\/iclan-1024x507.png\" \/>\n\t<meta property=\"og:image:width\" content=\"1024\" \/>\n\t<meta property=\"og:image:height\" content=\"507\" \/>\n\t<meta property=\"og:image:type\" content=\"image\/png\" \/>\n<meta name=\"twitter:card\" content=\"summary_large_image\" \/>\n<meta name=\"twitter:site\" content=\"@iclanLTD\" \/>\n<meta name=\"twitter:label1\" content=\"Dur\u00e9e de lecture estim\u00e9e\" \/>\n\t<meta name=\"twitter:data1\" content=\"9 minutes\" \/>\n<script type=\"application\/ld+json\" class=\"yoast-schema-graph\">{\"@context\":\"https:\/\/schema.org\",\"@graph\":[{\"@type\":\"WebPage\",\"@id\":\"https:\/\/iclan.cm\/who-we-are\/our-story\/\",\"url\":\"https:\/\/iclan.cm\/who-we-are\/our-story\/\",\"name\":\"Our Story - I-CLAN\",\"isPartOf\":{\"@id\":\"https:\/\/iclan.cm\/en\/#website\"},\"datePublished\":\"2021-02-09T23:31:42+00:00\",\"dateModified\":\"2023-10-16T16:52:36+00:00\",\"breadcrumb\":{\"@id\":\"https:\/\/iclan.cm\/who-we-are\/our-story\/#breadcrumb\"},\"inLanguage\":\"fr-FR\",\"potentialAction\":[{\"@type\":\"ReadAction\",\"target\":[\"https:\/\/iclan.cm\/who-we-are\/our-story\/\"]}]},{\"@type\":\"BreadcrumbList\",\"@id\":\"https:\/\/iclan.cm\/who-we-are\/our-story\/#breadcrumb\",\"itemListElement\":[{\"@type\":\"ListItem\",\"position\":1,\"name\":\"Home\",\"item\":\"https:\/\/iclan.cm\/en\/\"},{\"@type\":\"ListItem\",\"position\":2,\"name\":\"Who We Are\",\"item\":\"https:\/\/iclan.cm\/en\/who-we-are\/\"},{\"@type\":\"ListItem\",\"position\":3,\"name\":\"Our Story\"}]},{\"@type\":\"WebSite\",\"@id\":\"https:\/\/iclan.cm\/en\/#website\",\"url\":\"https:\/\/iclan.cm\/en\/\",\"name\":\"I-CLAN\",\"description\":\"L&#039;exp\u00e9rience de l&#039;innovation num\u00e9rique\",\"publisher\":{\"@id\":\"https:\/\/iclan.cm\/en\/#organization\"},\"potentialAction\":[{\"@type\":\"SearchAction\",\"target\":{\"@type\":\"EntryPoint\",\"urlTemplate\":\"https:\/\/iclan.cm\/en\/?s={search_term_string}\"},\"query-input\":{\"@type\":\"PropertyValueSpecification\",\"valueRequired\":true,\"valueName\":\"search_term_string\"}}],\"inLanguage\":\"fr-FR\"},{\"@type\":\"Organization\",\"@id\":\"https:\/\/iclan.cm\/en\/#organization\",\"name\":\"Innovative CLAN\",\"url\":\"https:\/\/iclan.cm\/en\/\",\"logo\":{\"@type\":\"ImageObject\",\"inLanguage\":\"fr-FR\",\"@id\":\"https:\/\/iclan.cm\/en\/#\/schema\/logo\/image\/\",\"url\":\"https:\/\/iclan.cm\/wp-content\/uploads\/2021\/02\/cropped-1541156131094-1.png\",\"contentUrl\":\"https:\/\/iclan.cm\/wp-content\/uploads\/2021\/02\/cropped-1541156131094-1.png\",\"width\":512,\"height\":512,\"caption\":\"Innovative CLAN\"},\"image\":{\"@id\":\"https:\/\/iclan.cm\/en\/#\/schema\/logo\/image\/\"},\"sameAs\":[\"https:\/\/web.facebook.com\/iclan.cm\",\"https:\/\/x.com\/iclanLTD\",\"https:\/\/www.linkedin.com\/company\/iclan\/\",\"https:\/\/www.youtube.com\/channel\/UCqlXEBjUoLxRRqqdSSj756g\"]}]}<\/script>\n<!-- \/ Yoast SEO plugin. -->","yoast_head_json":{"title":"Our Story - I-CLAN","robots":{"index":"index","follow":"follow","max-snippet":"max-snippet:-1","max-image-preview":"max-image-preview:large","max-video-preview":"max-video-preview:-1"},"canonical":"https:\/\/iclan.cm\/who-we-are\/our-story\/","og_locale":"fr_FR","og_type":"article","og_title":"Our Story - I-CLAN","og_url":"https:\/\/iclan.cm\/who-we-are\/our-story\/","og_site_name":"I-CLAN","article_publisher":"https:\/\/web.facebook.com\/iclan.cm","article_modified_time":"2023-10-16T16:52:36+00:00","og_image":[{"width":1024,"height":507,"url":"https:\/\/iclan.cm\/wp-content\/uploads\/2021\/08\/iclan-1024x507.png","type":"image\/png"}],"twitter_card":"summary_large_image","twitter_site":"@iclanLTD","twitter_misc":{"Dur\u00e9e de lecture estim\u00e9e":"9 minutes"},"schema":{"@context":"https:\/\/schema.org","@graph":[{"@type":"WebPage","@id":"https:\/\/iclan.cm\/who-we-are\/our-story\/","url":"https:\/\/iclan.cm\/who-we-are\/our-story\/","name":"Our Story - I-CLAN","isPartOf":{"@id":"https:\/\/iclan.cm\/en\/#website"},"datePublished":"2021-02-09T23:31:42+00:00","dateModified":"2023-10-16T16:52:36+00:00","breadcrumb":{"@id":"https:\/\/iclan.cm\/who-we-are\/our-story\/#breadcrumb"},"inLanguage":"fr-FR","potentialAction":[{"@type":"ReadAction","target":["https:\/\/iclan.cm\/who-we-are\/our-story\/"]}]},{"@type":"BreadcrumbList","@id":"https:\/\/iclan.cm\/who-we-are\/our-story\/#breadcrumb","itemListElement":[{"@type":"ListItem","position":1,"name":"Home","item":"https:\/\/iclan.cm\/en\/"},{"@type":"ListItem","position":2,"name":"Who We Are","item":"https:\/\/iclan.cm\/en\/who-we-are\/"},{"@type":"ListItem","position":3,"name":"Our Story"}]},{"@type":"WebSite","@id":"https:\/\/iclan.cm\/en\/#website","url":"https:\/\/iclan.cm\/en\/","name":"I-CLAN","description":"L&#039;exp\u00e9rience de l&#039;innovation num\u00e9rique","publisher":{"@id":"https:\/\/iclan.cm\/en\/#organization"},"potentialAction":[{"@type":"SearchAction","target":{"@type":"EntryPoint","urlTemplate":"https:\/\/iclan.cm\/en\/?s={search_term_string}"},"query-input":{"@type":"PropertyValueSpecification","valueRequired":true,"valueName":"search_term_string"}}],"inLanguage":"fr-FR"},{"@type":"Organization","@id":"https:\/\/iclan.cm\/en\/#organization","name":"Innovative CLAN","url":"https:\/\/iclan.cm\/en\/","logo":{"@type":"ImageObject","inLanguage":"fr-FR","@id":"https:\/\/iclan.cm\/en\/#\/schema\/logo\/image\/","url":"https:\/\/iclan.cm\/wp-content\/uploads\/2021\/02\/cropped-1541156131094-1.png","contentUrl":"https:\/\/iclan.cm\/wp-content\/uploads\/2021\/02\/cropped-1541156131094-1.png","width":512,"height":512,"caption":"Innovative CLAN"},"image":{"@id":"https:\/\/iclan.cm\/en\/#\/schema\/logo\/image\/"},"sameAs":["https:\/\/web.facebook.com\/iclan.cm","https:\/\/x.com\/iclanLTD","https:\/\/www.linkedin.com\/company\/iclan\/","https:\/\/www.youtube.com\/channel\/UCqlXEBjUoLxRRqqdSSj756g"]}]}},"_links":{"self":[{"href":"https:\/\/iclan.cm\/fr\/wp-json\/wp\/v2\/pages\/198","targetHints":{"allow":["GET"]}}],"collection":[{"href":"https:\/\/iclan.cm\/fr\/wp-json\/wp\/v2\/pages"}],"about":[{"href":"https:\/\/iclan.cm\/fr\/wp-json\/wp\/v2\/types\/page"}],"author":[{"embeddable":true,"href":"https:\/\/iclan.cm\/fr\/wp-json\/wp\/v2\/users\/1"}],"replies":[{"embeddable":true,"href":"https:\/\/iclan.cm\/fr\/wp-json\/wp\/v2\/comments?post=198"}],"version-history":[{"count":85,"href":"https:\/\/iclan.cm\/fr\/wp-json\/wp\/v2\/pages\/198\/revisions"}],"predecessor-version":[{"id":2611,"href":"https:\/\/iclan.cm\/fr\/wp-json\/wp\/v2\/pages\/198\/revisions\/2611"}],"up":[{"embeddable":true,"href":"https:\/\/iclan.cm\/fr\/wp-json\/wp\/v2\/pages\/44"}],"wp:attachment":[{"href":"https:\/\/iclan.cm\/fr\/wp-json\/wp\/v2\/media?parent=198"}],"curies":[{"name":"wp","href":"https:\/\/api.w.org\/{rel}","templated":true}]}}