{"id":201,"date":"2021-02-09T23:37:48","date_gmt":"2021-02-09T23:37:48","guid":{"rendered":"https:\/\/iclan.cm\/?page_id=201"},"modified":"2023-10-06T10:09:27","modified_gmt":"2023-10-06T10:09:27","slug":"our-mission-and-vision","status":"publish","type":"page","link":"https:\/\/iclan.cm\/fr\/who-we-are\/our-mission-and-vision\/","title":{"rendered":"Our Mission"},"content":{"rendered":"<div class=\"banner has-hover has-parallax\" id=\"banner-1619604702\">\n          <div class=\"banner-inner fill\">\n        <div class=\"banner-bg fill\" data-parallax=\"-1\" data-parallax-container=\".banner\" data-parallax-background>\n            <div class=\"bg fill bg-fill \"><\/div>\n                        <div class=\"overlay\"><\/div>            \n            <div class=\"effect-sparkle bg-effect fill no-click\"><\/div>        <\/div><!-- bg-layers -->\n        <div class=\"banner-layers container\">\n            <div class=\"fill banner-link\"><\/div>            \n   <div id=\"text-box-1944829214\" class=\"text-box banner-layer x50 md-x50 lg-x50 y50 md-y50 lg-y50 res-text\">\n                     <div data-animate=\"flipInY\">           <div class=\"text dark\">\n              \n              <div class=\"text-inner text-center\">\n                  \n<h3 class=\"\"><strong>Notre Mission et Notre Vision<\/strong><\/h3>\n              <\/div>\n           <\/div><!-- text-box-inner -->\n       <\/div>                     \n<style scope=\"scope\">\n\n#text-box-1944829214 {\n  width: 84%;\n}\n#text-box-1944829214 .text {\n  font-size: 111%;\n}\n\n\n@media (min-width:550px) {\n\n  #text-box-1944829214 {\n    width: 60%;\n  }\n  #text-box-1944829214 .text {\n    font-size: 100%;\n  }\n\n}\n<\/style>\n    <\/div><!-- text-box -->\n \n        <\/div><!-- .banner-layers -->\n      <\/div><!-- .banner-inner -->\n\n            \n<style scope=\"scope\">\n\n#banner-1619604702 {\n  padding-top: 99.99%;\n}\n#banner-1619604702 .bg.bg-loaded {\n  background-image: url(https:\/\/iclan.cm\/wp-content\/uploads\/2021\/05\/MTN_MNC_638984240-1024x683.jpg);\n}\n#banner-1619604702 .overlay {\n  background-color: rgba(0, 0, 0, 0.13);\n}\n#banner-1619604702 .bg {\n  background-position: 60% 40%;\n}\n\n\n@media (min-width:550px) {\n\n  #banner-1619604702 {\n    padding-top: 21.5em;\n  }\n\n}\n<\/style>\n  <\/div><!-- .banner -->\n\n\n<div class=\"gap-element\" style=\"display:block; height:auto; padding-top:30px\" class=\"clearfix\"><\/div>\n<div class=\"row\"  id=\"row-621773744\">\n<div class=\"col small-12 large-12\"  ><div class=\"col-inner\"  >\n<h3>Notre Mission<\/h3>\n<blockquote>\n<p><strong>Rendre la vie de nos clients plus facile<\/strong><\/p>\n<\/blockquote>\n<p>Nous croyons que le plus grand objectif des innovations technologiques est d&rsquo;am\u00e9liorer notre mode de vie en faisant des outils qui peuvent \u00eatre utilis\u00e9s pour effectuer nos op\u00e9rations quotidiennes de mani\u00e8re beaucoup plus simple et plus facile. C&rsquo;est pourquoi chez I-Clan, nous travaillons tr\u00e8s dur pour nous assurer que s&rsquo;il existe une proc\u00e9dure plus simple possible pour faire avancer les choses, nous la mettons en \u0153uvre.<\/p>\n<p>Notre mission touche diff\u00e9rents secteurs de l&rsquo;\u00e9conomie. Aujourd&rsquo;hui, nous avons d\u00e9velopp\u00e9 des solutions dans de nombreux secteurs. Notre mission est r\u00e9cursive, en ce sens qu&rsquo;elle nous fait revisiter nos solutions pour de nouvelles optimisations.<\/p>\n<\/div><\/div>\n<\/div>\n\n  <div class=\"banner has-hover has-parallax\" id=\"banner-1443813967\">\n          <div class=\"banner-inner fill\">\n        <div class=\"banner-bg fill\" data-parallax=\"-6\" data-parallax-container=\".banner\" data-parallax-background>\n            <div class=\"bg fill bg-fill \"><\/div>\n                        <div class=\"overlay\"><\/div>            \n                    <\/div><!-- bg-layers -->\n        <div class=\"banner-layers container\">\n            <div class=\"fill banner-link\"><\/div>            \n        <\/div><!-- .banner-layers -->\n      <\/div><!-- .banner-inner -->\n\n            \n<style scope=\"scope\">\n\n#banner-1443813967 {\n  padding-top: 15em;\n}\n#banner-1443813967 .bg.bg-loaded {\n  background-image: url(https:\/\/iclan.cm\/wp-content\/uploads\/2021\/05\/MTN_MNC_870026572-1024x683.jpg);\n}\n#banner-1443813967 .overlay {\n  background-color: rgba(0, 0, 0, 0.48);\n}\n<\/style>\n  <\/div><!-- .banner -->\n\n\n<div class=\"gap-element\" style=\"display:block; height:auto; padding-top:30px\" class=\"clearfix\"><\/div>\n<div class=\"row\"  id=\"row-1453422343\">\n<div class=\"col small-12 large-12\"  ><div class=\"col-inner\"  >\n<h3 id=\"vision\"><strong>Notre Vision<\/strong><\/h3>\n<blockquote>\n<p><strong>Pour mener l&rsquo;innovation en fournissant des solutions de changement de vie num\u00e9rique<\/strong><\/p>\n<\/blockquote>\n<p>Nous avons pour vision de devenir des leaders de l&rsquo;industrie dans l&rsquo;espace technologique en Afrique. Nous nous mettons au d\u00e9fi avec un travail continu et un d\u00e9vouement pour rester au sommet de ce que nous faisons. Nous sommes des pionniers, nous sommes des leaders dans l&rsquo;\u00e9cosyst\u00e8me de l&rsquo;innovation technologique en Afrique. Telle est la vision que nous avons.<\/p>\n<p>Notre vision est une d\u00e9claration globale qui guide les objectifs imm\u00e9diats et la culture d&rsquo;I-CLAN. Nous avons une vision annuelle strat\u00e9gique d\u00e9finie au d\u00e9but de chaque ann\u00e9e. Toujours en ligne avec notre d\u00e9claration de vision globale, notre vision annuelle nous aide \u00e0 mieux orienter les ressources \u00e0 court terme, pour atteindre l&rsquo;objectif escompt\u00e9.<\/p>\n<\/div><\/div>\n<\/div>","protected":false},"excerpt":{"rendered":"","protected":false},"author":1,"featured_media":2591,"parent":44,"menu_order":0,"comment_status":"closed","ping_status":"closed","template":"page-blank.php","meta":{"footnotes":""},"class_list":["post-201","page","type-page","status-publish","has-post-thumbnail","hentry"],"yoast_head":"<!-- This site is optimized with the Yoast SEO plugin v26.0 - https:\/\/yoast.com\/wordpress\/plugins\/seo\/ -->\n<title>Our Mission - I-CLAN<\/title>\n<meta name=\"robots\" content=\"index, follow, max-snippet:-1, max-image-preview:large, max-video-preview:-1\" \/>\n<link rel=\"canonical\" href=\"https:\/\/iclan.cm\/who-we-are\/our-mission-and-vision\/\" \/>\n<meta property=\"og:locale\" content=\"fr_FR\" \/>\n<meta property=\"og:type\" content=\"article\" \/>\n<meta property=\"og:title\" content=\"Our Mission - I-CLAN\" \/>\n<meta property=\"og:url\" content=\"https:\/\/iclan.cm\/who-we-are\/our-mission-and-vision\/\" \/>\n<meta property=\"og:site_name\" content=\"I-CLAN\" \/>\n<meta property=\"article:publisher\" content=\"https:\/\/web.facebook.com\/iclan.cm\" \/>\n<meta property=\"article:modified_time\" content=\"2023-10-06T10:09:27+00:00\" \/>\n<meta property=\"og:image\" content=\"https:\/\/iclan.cm\/wp-content\/uploads\/2023\/10\/Our-Mission-3-scaled.jpg\" \/>\n\t<meta property=\"og:image:width\" content=\"2560\" \/>\n\t<meta property=\"og:image:height\" content=\"1440\" \/>\n\t<meta property=\"og:image:type\" content=\"image\/jpeg\" \/>\n<meta name=\"twitter:card\" content=\"summary_large_image\" \/>\n<meta name=\"twitter:site\" content=\"@iclanLTD\" \/>\n<meta name=\"twitter:label1\" content=\"Dur\u00e9e de lecture estim\u00e9e\" \/>\n\t<meta name=\"twitter:data1\" content=\"1 minute\" \/>\n<script type=\"application\/ld+json\" class=\"yoast-schema-graph\">{\"@context\":\"https:\/\/schema.org\",\"@graph\":[{\"@type\":\"WebPage\",\"@id\":\"https:\/\/iclan.cm\/who-we-are\/our-mission-and-vision\/\",\"url\":\"https:\/\/iclan.cm\/who-we-are\/our-mission-and-vision\/\",\"name\":\"Our Mission - I-CLAN\",\"isPartOf\":{\"@id\":\"https:\/\/iclan.cm\/en\/#website\"},\"primaryImageOfPage\":{\"@id\":\"https:\/\/iclan.cm\/who-we-are\/our-mission-and-vision\/#primaryimage\"},\"image\":{\"@id\":\"https:\/\/iclan.cm\/who-we-are\/our-mission-and-vision\/#primaryimage\"},\"thumbnailUrl\":\"https:\/\/iclan.cm\/wp-content\/uploads\/2023\/10\/Our-Mission-3-scaled.jpg\",\"datePublished\":\"2021-02-09T23:37:48+00:00\",\"dateModified\":\"2023-10-06T10:09:27+00:00\",\"breadcrumb\":{\"@id\":\"https:\/\/iclan.cm\/who-we-are\/our-mission-and-vision\/#breadcrumb\"},\"inLanguage\":\"fr-FR\",\"potentialAction\":[{\"@type\":\"ReadAction\",\"target\":[\"https:\/\/iclan.cm\/who-we-are\/our-mission-and-vision\/\"]}]},{\"@type\":\"ImageObject\",\"inLanguage\":\"fr-FR\",\"@id\":\"https:\/\/iclan.cm\/who-we-are\/our-mission-and-vision\/#primaryimage\",\"url\":\"https:\/\/iclan.cm\/wp-content\/uploads\/2023\/10\/Our-Mission-3-scaled.jpg\",\"contentUrl\":\"https:\/\/iclan.cm\/wp-content\/uploads\/2023\/10\/Our-Mission-3-scaled.jpg\",\"width\":2560,\"height\":1440,\"caption\":\"Team of business people collaborating to plan financial strategy, doing teamwork to create sales report on laptop. Office employees working on project strategy to analyze career growth.\"},{\"@type\":\"BreadcrumbList\",\"@id\":\"https:\/\/iclan.cm\/who-we-are\/our-mission-and-vision\/#breadcrumb\",\"itemListElement\":[{\"@type\":\"ListItem\",\"position\":1,\"name\":\"Home\",\"item\":\"https:\/\/iclan.cm\/en\/\"},{\"@type\":\"ListItem\",\"position\":2,\"name\":\"Who We Are\",\"item\":\"https:\/\/iclan.cm\/en\/who-we-are\/\"},{\"@type\":\"ListItem\",\"position\":3,\"name\":\"Our Mission\"}]},{\"@type\":\"WebSite\",\"@id\":\"https:\/\/iclan.cm\/en\/#website\",\"url\":\"https:\/\/iclan.cm\/en\/\",\"name\":\"I-CLAN\",\"description\":\"L&#039;exp\u00e9rience de l&#039;innovation num\u00e9rique\",\"publisher\":{\"@id\":\"https:\/\/iclan.cm\/en\/#organization\"},\"potentialAction\":[{\"@type\":\"SearchAction\",\"target\":{\"@type\":\"EntryPoint\",\"urlTemplate\":\"https:\/\/iclan.cm\/en\/?s={search_term_string}\"},\"query-input\":{\"@type\":\"PropertyValueSpecification\",\"valueRequired\":true,\"valueName\":\"search_term_string\"}}],\"inLanguage\":\"fr-FR\"},{\"@type\":\"Organization\",\"@id\":\"https:\/\/iclan.cm\/en\/#organization\",\"name\":\"Innovative CLAN\",\"url\":\"https:\/\/iclan.cm\/en\/\",\"logo\":{\"@type\":\"ImageObject\",\"inLanguage\":\"fr-FR\",\"@id\":\"https:\/\/iclan.cm\/en\/#\/schema\/logo\/image\/\",\"url\":\"https:\/\/iclan.cm\/wp-content\/uploads\/2021\/02\/cropped-1541156131094-1.png\",\"contentUrl\":\"https:\/\/iclan.cm\/wp-content\/uploads\/2021\/02\/cropped-1541156131094-1.png\",\"width\":512,\"height\":512,\"caption\":\"Innovative CLAN\"},\"image\":{\"@id\":\"https:\/\/iclan.cm\/en\/#\/schema\/logo\/image\/\"},\"sameAs\":[\"https:\/\/web.facebook.com\/iclan.cm\",\"https:\/\/x.com\/iclanLTD\",\"https:\/\/www.linkedin.com\/company\/iclan\/\",\"https:\/\/www.youtube.com\/channel\/UCqlXEBjUoLxRRqqdSSj756g\"]}]}<\/script>\n<!-- \/ Yoast SEO plugin. -->","yoast_head_json":{"title":"Our Mission - I-CLAN","robots":{"index":"index","follow":"follow","max-snippet":"max-snippet:-1","max-image-preview":"max-image-preview:large","max-video-preview":"max-video-preview:-1"},"canonical":"https:\/\/iclan.cm\/who-we-are\/our-mission-and-vision\/","og_locale":"fr_FR","og_type":"article","og_title":"Our Mission - I-CLAN","og_url":"https:\/\/iclan.cm\/who-we-are\/our-mission-and-vision\/","og_site_name":"I-CLAN","article_publisher":"https:\/\/web.facebook.com\/iclan.cm","article_modified_time":"2023-10-06T10:09:27+00:00","og_image":[{"width":2560,"height":1440,"url":"https:\/\/iclan.cm\/wp-content\/uploads\/2023\/10\/Our-Mission-3-scaled.jpg","type":"image\/jpeg"}],"twitter_card":"summary_large_image","twitter_site":"@iclanLTD","twitter_misc":{"Dur\u00e9e de lecture estim\u00e9e":"1 minute"},"schema":{"@context":"https:\/\/schema.org","@graph":[{"@type":"WebPage","@id":"https:\/\/iclan.cm\/who-we-are\/our-mission-and-vision\/","url":"https:\/\/iclan.cm\/who-we-are\/our-mission-and-vision\/","name":"Our Mission - I-CLAN","isPartOf":{"@id":"https:\/\/iclan.cm\/en\/#website"},"primaryImageOfPage":{"@id":"https:\/\/iclan.cm\/who-we-are\/our-mission-and-vision\/#primaryimage"},"image":{"@id":"https:\/\/iclan.cm\/who-we-are\/our-mission-and-vision\/#primaryimage"},"thumbnailUrl":"https:\/\/iclan.cm\/wp-content\/uploads\/2023\/10\/Our-Mission-3-scaled.jpg","datePublished":"2021-02-09T23:37:48+00:00","dateModified":"2023-10-06T10:09:27+00:00","breadcrumb":{"@id":"https:\/\/iclan.cm\/who-we-are\/our-mission-and-vision\/#breadcrumb"},"inLanguage":"fr-FR","potentialAction":[{"@type":"ReadAction","target":["https:\/\/iclan.cm\/who-we-are\/our-mission-and-vision\/"]}]},{"@type":"ImageObject","inLanguage":"fr-FR","@id":"https:\/\/iclan.cm\/who-we-are\/our-mission-and-vision\/#primaryimage","url":"https:\/\/iclan.cm\/wp-content\/uploads\/2023\/10\/Our-Mission-3-scaled.jpg","contentUrl":"https:\/\/iclan.cm\/wp-content\/uploads\/2023\/10\/Our-Mission-3-scaled.jpg","width":2560,"height":1440,"caption":"Team of business people collaborating to plan financial strategy, doing teamwork to create sales report on laptop. Office employees working on project strategy to analyze career growth."},{"@type":"BreadcrumbList","@id":"https:\/\/iclan.cm\/who-we-are\/our-mission-and-vision\/#breadcrumb","itemListElement":[{"@type":"ListItem","position":1,"name":"Home","item":"https:\/\/iclan.cm\/en\/"},{"@type":"ListItem","position":2,"name":"Who We Are","item":"https:\/\/iclan.cm\/en\/who-we-are\/"},{"@type":"ListItem","position":3,"name":"Our Mission"}]},{"@type":"WebSite","@id":"https:\/\/iclan.cm\/en\/#website","url":"https:\/\/iclan.cm\/en\/","name":"I-CLAN","description":"L&#039;exp\u00e9rience de l&#039;innovation num\u00e9rique","publisher":{"@id":"https:\/\/iclan.cm\/en\/#organization"},"potentialAction":[{"@type":"SearchAction","target":{"@type":"EntryPoint","urlTemplate":"https:\/\/iclan.cm\/en\/?s={search_term_string}"},"query-input":{"@type":"PropertyValueSpecification","valueRequired":true,"valueName":"search_term_string"}}],"inLanguage":"fr-FR"},{"@type":"Organization","@id":"https:\/\/iclan.cm\/en\/#organization","name":"Innovative CLAN","url":"https:\/\/iclan.cm\/en\/","logo":{"@type":"ImageObject","inLanguage":"fr-FR","@id":"https:\/\/iclan.cm\/en\/#\/schema\/logo\/image\/","url":"https:\/\/iclan.cm\/wp-content\/uploads\/2021\/02\/cropped-1541156131094-1.png","contentUrl":"https:\/\/iclan.cm\/wp-content\/uploads\/2021\/02\/cropped-1541156131094-1.png","width":512,"height":512,"caption":"Innovative CLAN"},"image":{"@id":"https:\/\/iclan.cm\/en\/#\/schema\/logo\/image\/"},"sameAs":["https:\/\/web.facebook.com\/iclan.cm","https:\/\/x.com\/iclanLTD","https:\/\/www.linkedin.com\/company\/iclan\/","https:\/\/www.youtube.com\/channel\/UCqlXEBjUoLxRRqqdSSj756g"]}]}},"_links":{"self":[{"href":"https:\/\/iclan.cm\/fr\/wp-json\/wp\/v2\/pages\/201","targetHints":{"allow":["GET"]}}],"collection":[{"href":"https:\/\/iclan.cm\/fr\/wp-json\/wp\/v2\/pages"}],"about":[{"href":"https:\/\/iclan.cm\/fr\/wp-json\/wp\/v2\/types\/page"}],"author":[{"embeddable":true,"href":"https:\/\/iclan.cm\/fr\/wp-json\/wp\/v2\/users\/1"}],"replies":[{"embeddable":true,"href":"https:\/\/iclan.cm\/fr\/wp-json\/wp\/v2\/comments?post=201"}],"version-history":[{"count":71,"href":"https:\/\/iclan.cm\/fr\/wp-json\/wp\/v2\/pages\/201\/revisions"}],"predecessor-version":[{"id":2592,"href":"https:\/\/iclan.cm\/fr\/wp-json\/wp\/v2\/pages\/201\/revisions\/2592"}],"up":[{"embeddable":true,"href":"https:\/\/iclan.cm\/fr\/wp-json\/wp\/v2\/pages\/44"}],"wp:featuredmedia":[{"embeddable":true,"href":"https:\/\/iclan.cm\/fr\/wp-json\/wp\/v2\/media\/2591"}],"wp:attachment":[{"href":"https:\/\/iclan.cm\/fr\/wp-json\/wp\/v2\/media?parent=201"}],"curies":[{"name":"wp","href":"https:\/\/api.w.org\/{rel}","templated":true}]}}