{"id":44,"date":"2021-02-09T00:05:06","date_gmt":"2021-02-09T00:05:06","guid":{"rendered":"https:\/\/iclan.cm\/?page_id=44"},"modified":"2021-08-13T17:15:25","modified_gmt":"2021-08-13T17:15:25","slug":"who-we-are","status":"publish","type":"page","link":"https:\/\/iclan.cm\/fr\/who-we-are\/","title":{"rendered":"Who We Are"},"content":{"rendered":"<div class=\"slider-wrapper relative \" id=\"slider-1881392431\" >\n    <div class=\"slider slider-nav-circle slider-nav-large slider-nav-light slider-style-normal\"\n        data-flickity-options='{\n            \"cellAlign\": \"center\",\n            \"imagesLoaded\": true,\n            \"lazyLoad\": 1,\n            \"freeScroll\": false,\n            \"wrapAround\": true,\n            \"autoPlay\": 6000,\n            \"pauseAutoPlayOnHover\" : true,\n            \"prevNextButtons\": true,\n            \"contain\" : true,\n            \"adaptiveHeight\" : true,\n            \"dragThreshold\" : 5,\n            \"percentPosition\": true,\n            \"pageDots\": true,\n            \"rightToLeft\": false,\n            \"draggable\": true,\n            \"selectedAttraction\": 0.1,\n            \"parallax\" : 0,\n            \"friction\": 0.6        }'\n        >\n        \n\n  <div class=\"banner has-hover has-parallax\" id=\"banner-68969500\">\n          <div class=\"banner-inner fill\">\n        <div class=\"banner-bg fill\" data-parallax=\"-10\" data-parallax-container=\".banner\" data-parallax-background>\n            <div class=\"bg fill bg-fill \"><\/div>\n                                    \n                    <\/div><!-- bg-layers -->\n        <div class=\"banner-layers container\">\n            <div class=\"fill banner-link\"><\/div>            \n   <div id=\"text-box-2011408709\" class=\"text-box banner-layer x50 md-x50 lg-x50 y50 md-y50 lg-y50 res-text\">\n                     <div data-animate=\"flipInY\">           <div class=\"text dark\">\n              \n              <div class=\"text-inner text-center\">\n                  \n<h2 class=\"\" ><strong style=\"color: #f7f7f7\">\u00c0 propos de nous<\/strong><\/span><\/h2>\n<div class=\"gap-element\" style=\"display:block; height:auto; padding-top:23px\" class=\"clearfix\"><\/div>\n              <\/div>\n           <\/div><!-- text-box-inner -->\n       <\/div>                     \n<style scope=\"scope\">\n\n#text-box-2011408709 {\n  width: 84%;\n}\n#text-box-2011408709 .text {\n  font-size: 111%;\n}\n\n\n@media (min-width:550px) {\n\n  #text-box-2011408709 {\n    width: 57%;\n  }\n  #text-box-2011408709 .text {\n    font-size: 100%;\n  }\n\n}\n<\/style>\n    <\/div><!-- text-box -->\n \n        <\/div><!-- .banner-layers -->\n      <\/div><!-- .banner-inner -->\n\n            \n<style scope=\"scope\">\n\n#banner-68969500 {\n  padding-top: 99.99%;\n}\n#banner-68969500 .bg.bg-loaded {\n  background-image: url(https:\/\/iclan.cm\/wp-content\/uploads\/2021\/08\/christina-wocintechchat-com-L85a1k-XqH8-unsplash-1024x684.jpg);\n}\n\n\n@media (min-width:550px) {\n\n  #banner-68969500 {\n    padding-top: 350px;\n  }\n\n}\n<\/style>\n  <\/div><!-- .banner -->\n\n\n     <\/div>\n\n     <div class=\"loading-spin dark large centered\"><\/div>\n\n     <style scope=\"scope\">\n             <\/style>\n<\/div><!-- .ux-slider-wrapper -->\n\n\n<div class=\"gap-element\" style=\"display:block; height:auto; padding-top:30px\" class=\"clearfix\"><\/div>\n<div class=\"gap-element\" style=\"display:block; height:auto; padding-top:20px\" class=\"clearfix\"><\/div>\n<div class=\"gap-element\" style=\"display:block; height:auto; padding-top:20px\" class=\"clearfix\"><\/div>\n<div class=\"row\"  id=\"row-780702615\">\n<div class=\"col small-12 large-12\"  ><div class=\"col-inner\"  >\n<h3>Qui nous sommes<\/h3>\nNous sommes une startup bas\u00e9e sur la technologie cr\u00e9\u00e9e en juin 2018. Actuellement en incubation avec <span data-text-color=\"secondaire\"><a href=\"https:\/\/mtn.cm\">MTN Cameroun<\/a><\/span> . Nous avons de l&rsquo;exp\u00e9rience dans la gestion de projets \u00e0 grande \u00e9chelle, avec succ\u00e8s. Nous sommes sp\u00e9cialis\u00e9s dans le d\u00e9veloppement de solutions autour d&rsquo;EduTech et de FinTech.\nNotre objectif est de r\u00e9volutionner les op\u00e9rations dans les secteurs cl\u00e9s de notre \u00e9conomie \u00e0 l&rsquo;aide de la technologie. I-CLAN a \u00e9t\u00e9 s\u00e9lectionn\u00e9 parmi les 10 meilleures startups en Afrique en 2019 lors du Daikin-Sumurai Incubate Ideathon qui s&rsquo;est tenu \u00e0 Nairobi au Kenya.\nNous avons fourni des solutions (en partenariat avec MTN Cameroun) \u00e0 plusieurs organismes gouvernementaux au Cameroun, dont le Minist\u00e8re des Enseignements Secondaires (MINESEC), le Conseil G\u00e9n\u00e9ral du Certificat d&rsquo;Enseignement du Cameroun (CGCE Board), le Minist\u00e8re de la Fonction Publique et des R\u00e9formes Administratives (MINFOPRA ), le Telecom Regulatory Board (TRB) et d&rsquo;autres.\n<p><\/p>\nNous esp\u00e9rons qu&rsquo;avec l&rsquo;aide de la technologie, nous pourrons faciliter la vie de tous nos clients finaux et clients\n<\/div><\/div>\n<\/div>\n<div class=\"row\"  id=\"row-1766147406\">\n<div class=\"col medium-3 small-12 large-3\"  ><div class=\"col-inner\"  >\n\t<div class=\"box has-hover has-hover box-shade dark box-text-bottom\" >\n\n\t\t<div class=\"box-image\" style=\"border-radius:8%;\">\n\t\t\t<a href=\"\/who-we-are\/our-story\/\" target=\"_self\">\t\t\t<div class=\"image-cover\" style=\"padding-top:200px;\">\n\t\t\t\t<img loading=\"lazy\" decoding=\"async\" width=\"2560\" height=\"1709\" src=\"https:\/\/iclan.cm\/wp-content\/uploads\/2021\/02\/MTN_SOHO_621733748-scaled.jpg\" class=\"attachment- size-\" alt=\"Schooly\" srcset=\"https:\/\/iclan.cm\/wp-content\/uploads\/2021\/02\/MTN_SOHO_621733748-scaled.jpg 2560w, https:\/\/iclan.cm\/wp-content\/uploads\/2021\/02\/MTN_SOHO_621733748-300x200.jpg 300w, https:\/\/iclan.cm\/wp-content\/uploads\/2021\/02\/MTN_SOHO_621733748-1024x683.jpg 1024w, https:\/\/iclan.cm\/wp-content\/uploads\/2021\/02\/MTN_SOHO_621733748-768x513.jpg 768w\" sizes=\"auto, (max-width: 2560px) 100vw, 2560px\" \/>\t\t\t\t<div class=\"overlay\" style=\"background-color:rgba(0, 0, 0, 0.25)\"><\/div>\t\t\t\t<div class=\"shade\"><\/div>\t\t\t<\/div>\n\t\t\t<\/a>\t\t<\/div><!-- box-image -->\n\n\t\t<div class=\"box-text text-center is-small\" >\n\t\t\t<div class=\"box-text-inner\">\n\t\t\t\t\n<h3><strong>Notre Histoire<\/strong><\/h3>\n<a class=\"button primary\"  >\n    <span>\u00bb[:en<\/span>\n  <\/a>\nView moreEn Savoir Plus\u00a0\u00bb letter_case=\u00a0\u00bblowercase\u00a0\u00bb class=\u00a0\u00bbbtn-yellow\u00a0\u00bb animate=\u00a0\u00bbfadeInLeft\u00a0\u00bb radius=\u00a0\u00bb99&Prime; icon=\u00a0\u00bbicon-angle-right\u00a0\u00bb link=\u00a0\u00bb\/who-we-are\/our-story\/\u00a0\u00bb]\n\t\t\t<\/div><!-- box-text-inner -->\n\t\t<\/div><!-- box-text -->\n\t<\/div><!-- .box  -->\n\t\n<div class=\"gap-element\" style=\"display:block; height:auto; padding-top:0px\" class=\"clearfix\"><\/div>\n<\/div><\/div>\n<div class=\"col medium-3 small-12 large-3\"  ><div class=\"col-inner\"  >\n<div class=\"gap-element\" style=\"display:block; height:auto; padding-top:0px\" class=\"clearfix\"><\/div>\n\t<div class=\"box has-hover has-hover box-shade dark box-text-bottom\" >\n\n\t\t<div class=\"box-image\" style=\"border-radius:8%;\">\n\t\t\t<a href=\"\/who-we-are\/our-mission\/\" target=\"_self\">\t\t\t<div class=\"image-cover\" style=\"padding-top:200px;\">\n\t\t\t\t<img loading=\"lazy\" decoding=\"async\" width=\"2560\" height=\"1919\" src=\"https:\/\/iclan.cm\/wp-content\/uploads\/2021\/08\/pexels-jopwell-2422278-scaled.jpg\" class=\"attachment- size-\" alt=\"\" srcset=\"https:\/\/iclan.cm\/wp-content\/uploads\/2021\/08\/pexels-jopwell-2422278-scaled.jpg 2560w, https:\/\/iclan.cm\/wp-content\/uploads\/2021\/08\/pexels-jopwell-2422278-300x225.jpg 300w, https:\/\/iclan.cm\/wp-content\/uploads\/2021\/08\/pexels-jopwell-2422278-1024x767.jpg 1024w, https:\/\/iclan.cm\/wp-content\/uploads\/2021\/08\/pexels-jopwell-2422278-768x576.jpg 768w, https:\/\/iclan.cm\/wp-content\/uploads\/2021\/08\/pexels-jopwell-2422278-1536x1151.jpg 1536w, https:\/\/iclan.cm\/wp-content\/uploads\/2021\/08\/pexels-jopwell-2422278-2048x1535.jpg 2048w\" sizes=\"auto, (max-width: 2560px) 100vw, 2560px\" \/>\t\t\t\t<div class=\"overlay\" style=\"background-color:rgba(0, 0, 0, 0.25)\"><\/div>\t\t\t\t<div class=\"shade\"><\/div>\t\t\t<\/div>\n\t\t\t<\/a>\t\t<\/div><!-- box-image -->\n\n\t\t<div class=\"box-text text-center is-small\" >\n\t\t\t<div class=\"box-text-inner\">\n\t\t\t\t\n<h3><strong>Notre Mission &amp; Vision<\/strong><\/h3>\n<a class=\"button primary\"  >\n    <span>\u00bb[:en<\/span>\n  <\/a>\nView moreEn Savoir Plus\u00a0\u00bb letter_case=\u00a0\u00bblowercase\u00a0\u00bb class=\u00a0\u00bbbtn-yellow\u00a0\u00bb animate=\u00a0\u00bbfadeInLeft\u00a0\u00bb radius=\u00a0\u00bb99&Prime; icon=\u00a0\u00bbicon-angle-right\u00a0\u00bb link=\u00a0\u00bb\/who-we-are\/our-mission\/\u00a0\u00bb]\n\t\t\t<\/div><!-- box-text-inner -->\n\t\t<\/div><!-- box-text -->\n\t<\/div><!-- .box  -->\n\t\n<\/div><\/div>\n<div class=\"col medium-3 small-12 large-3\"  ><div class=\"col-inner\"  >\n\t<div class=\"box has-hover has-hover box-shade dark box-text-bottom\" >\n\n\t\t<div class=\"box-image\" style=\"border-radius:8%;\">\n\t\t\t<a href=\"\/who-we-are\/our-team\/\" target=\"_self\">\t\t\t<div class=\"image-cover\" style=\"padding-top:200px;\">\n\t\t\t\t<img loading=\"lazy\" decoding=\"async\" width=\"2560\" height=\"1280\" src=\"https:\/\/iclan.cm\/wp-content\/uploads\/2021\/02\/IMG_20190608_184826_8-scaled.jpg\" class=\"attachment- size-\" alt=\"\" srcset=\"https:\/\/iclan.cm\/wp-content\/uploads\/2021\/02\/IMG_20190608_184826_8-scaled.jpg 2560w, https:\/\/iclan.cm\/wp-content\/uploads\/2021\/02\/IMG_20190608_184826_8-300x150.jpg 300w, https:\/\/iclan.cm\/wp-content\/uploads\/2021\/02\/IMG_20190608_184826_8-1024x512.jpg 1024w, https:\/\/iclan.cm\/wp-content\/uploads\/2021\/02\/IMG_20190608_184826_8-768x384.jpg 768w, https:\/\/iclan.cm\/wp-content\/uploads\/2021\/02\/IMG_20190608_184826_8-1536x768.jpg 1536w, https:\/\/iclan.cm\/wp-content\/uploads\/2021\/02\/IMG_20190608_184826_8-2048x1024.jpg 2048w\" sizes=\"auto, (max-width: 2560px) 100vw, 2560px\" \/>\t\t\t\t<div class=\"overlay\" style=\"background-color:rgba(0, 0, 0, 0.25)\"><\/div>\t\t\t\t<div class=\"shade\"><\/div>\t\t\t<\/div>\n\t\t\t<\/a>\t\t<\/div><!-- box-image -->\n\n\t\t<div class=\"box-text text-center\" >\n\t\t\t<div class=\"box-text-inner\">\n\t\t\t\t\n<h3><strong>Notre \u00c9quipe<\/strong><\/h3>\n<a class=\"button primary\"  >\n    <span>\u00bb[:en<\/span>\n  <\/a>\nView moreEn Savoir Plus\u00a0\u00bb letter_case=\u00a0\u00bblowercase\u00a0\u00bb class=\u00a0\u00bbbtn-yellow\u00a0\u00bb size=\u00a0\u00bbsmall\u00a0\u00bb animate=\u00a0\u00bbfadeInLeft\u00a0\u00bb radius=\u00a0\u00bb99&Prime; icon=\u00a0\u00bbicon-angle-right\u00a0\u00bb link=\u00a0\u00bb\/who-we-are\/our-team\/\u00a0\u00bb]\n\t\t\t<\/div><!-- box-text-inner -->\n\t\t<\/div><!-- box-text -->\n\t<\/div><!-- .box  -->\n\t\n<\/div><\/div>\n<div class=\"col medium-3 small-12 large-3\"  ><div class=\"col-inner\"  >\n\t<div class=\"box has-hover has-hover box-shade dark box-text-bottom\" >\n\n\t\t<div class=\"box-image\" style=\"border-radius:8%;\">\n\t\t\t<a href=\"\/who-we-are\/awards-achievements\/\" target=\"_self\">\t\t\t<div class=\"image-cover\" style=\"padding-top:200px;\">\n\t\t\t\t<img loading=\"lazy\" decoding=\"async\" width=\"2560\" height=\"1857\" src=\"https:\/\/iclan.cm\/wp-content\/uploads\/2021\/08\/pexels-jopwell-2422277-scaled.jpg\" class=\"attachment- size-\" alt=\"\" srcset=\"https:\/\/iclan.cm\/wp-content\/uploads\/2021\/08\/pexels-jopwell-2422277-scaled.jpg 2560w, https:\/\/iclan.cm\/wp-content\/uploads\/2021\/08\/pexels-jopwell-2422277-300x218.jpg 300w, https:\/\/iclan.cm\/wp-content\/uploads\/2021\/08\/pexels-jopwell-2422277-1024x743.jpg 1024w, https:\/\/iclan.cm\/wp-content\/uploads\/2021\/08\/pexels-jopwell-2422277-768x557.jpg 768w, https:\/\/iclan.cm\/wp-content\/uploads\/2021\/08\/pexels-jopwell-2422277-1536x1114.jpg 1536w, https:\/\/iclan.cm\/wp-content\/uploads\/2021\/08\/pexels-jopwell-2422277-2048x1486.jpg 2048w\" sizes=\"auto, (max-width: 2560px) 100vw, 2560px\" \/>\t\t\t\t<div class=\"overlay\" style=\"background-color:rgba(0, 0, 0, 0.25)\"><\/div>\t\t\t\t<div class=\"shade\"><\/div>\t\t\t<\/div>\n\t\t\t<\/a>\t\t<\/div><!-- box-image -->\n\n\t\t<div class=\"box-text text-center\" >\n\t\t\t<div class=\"box-text-inner\">\n\t\t\t\t\n<h3>R\u00e9alisations<\/h3>\n<a class=\"button primary\"  >\n    <span>\u00bb[:en<\/span>\n  <\/a>\nView moreEn Savoir Plus\u00a0\u00bb letter_case=\u00a0\u00bblowercase\u00a0\u00bb class=\u00a0\u00bbbtn-yellow\u00a0\u00bb size=\u00a0\u00bbsmall\u00a0\u00bb animate=\u00a0\u00bbfadeInLeft\u00a0\u00bb radius=\u00a0\u00bb99&Prime; expand=\u00a0\u00bb0&Prime; icon=\u00a0\u00bbicon-angle-right\u00a0\u00bb link=\u00a0\u00bb\/who-we-are\/awards-achievements\/\u00a0\u00bb]\n\t\t\t<\/div><!-- box-text-inner -->\n\t\t<\/div><!-- box-text -->\n\t<\/div><!-- .box  -->\n\t\n<\/div><\/div>\n<\/div>","protected":false},"excerpt":{"rendered":"","protected":false},"author":1,"featured_media":0,"parent":0,"menu_order":0,"comment_status":"closed","ping_status":"closed","template":"page-blank.php","meta":{"footnotes":""},"class_list":["post-44","page","type-page","status-publish","hentry"],"yoast_head":"<!-- This site is optimized with the Yoast SEO plugin v26.0 - https:\/\/yoast.com\/wordpress\/plugins\/seo\/ -->\n<title>Who We Are - I-CLAN<\/title>\n<meta name=\"robots\" content=\"index, follow, max-snippet:-1, max-image-preview:large, max-video-preview:-1\" \/>\n<link rel=\"canonical\" href=\"https:\/\/iclan.cm\/en\/who-we-are\/\" \/>\n<meta property=\"og:locale\" content=\"fr_FR\" \/>\n<meta property=\"og:type\" content=\"article\" \/>\n<meta property=\"og:title\" content=\"Who We Are - I-CLAN\" \/>\n<meta property=\"og:url\" content=\"https:\/\/iclan.cm\/en\/who-we-are\/\" \/>\n<meta property=\"og:site_name\" content=\"I-CLAN\" \/>\n<meta property=\"article:publisher\" content=\"https:\/\/web.facebook.com\/iclan.cm\" \/>\n<meta property=\"article:modified_time\" content=\"2021-08-13T17:15:25+00:00\" \/>\n<meta property=\"og:image\" content=\"https:\/\/iclan.cm\/wp-content\/uploads\/2021\/08\/iclan-1024x507.png\" \/>\n\t<meta property=\"og:image:width\" content=\"1024\" \/>\n\t<meta property=\"og:image:height\" content=\"507\" \/>\n\t<meta property=\"og:image:type\" content=\"image\/png\" \/>\n<meta name=\"twitter:card\" content=\"summary_large_image\" \/>\n<meta name=\"twitter:site\" content=\"@iclanLTD\" \/>\n<meta name=\"twitter:label1\" content=\"Dur\u00e9e de lecture estim\u00e9e\" \/>\n\t<meta name=\"twitter:data1\" content=\"3 minutes\" \/>\n<script type=\"application\/ld+json\" class=\"yoast-schema-graph\">{\"@context\":\"https:\/\/schema.org\",\"@graph\":[{\"@type\":\"WebPage\",\"@id\":\"https:\/\/iclan.cm\/en\/who-we-are\/\",\"url\":\"https:\/\/iclan.cm\/en\/who-we-are\/\",\"name\":\"Who We Are - I-CLAN\",\"isPartOf\":{\"@id\":\"https:\/\/iclan.cm\/en\/#website\"},\"datePublished\":\"2021-02-09T00:05:06+00:00\",\"dateModified\":\"2021-08-13T17:15:25+00:00\",\"breadcrumb\":{\"@id\":\"https:\/\/iclan.cm\/en\/who-we-are\/#breadcrumb\"},\"inLanguage\":\"fr-FR\",\"potentialAction\":[{\"@type\":\"ReadAction\",\"target\":[\"https:\/\/iclan.cm\/en\/who-we-are\/\"]}]},{\"@type\":\"BreadcrumbList\",\"@id\":\"https:\/\/iclan.cm\/en\/who-we-are\/#breadcrumb\",\"itemListElement\":[{\"@type\":\"ListItem\",\"position\":1,\"name\":\"Home\",\"item\":\"https:\/\/iclan.cm\/en\/\"},{\"@type\":\"ListItem\",\"position\":2,\"name\":\"Who We Are\"}]},{\"@type\":\"WebSite\",\"@id\":\"https:\/\/iclan.cm\/en\/#website\",\"url\":\"https:\/\/iclan.cm\/en\/\",\"name\":\"I-CLAN\",\"description\":\"L&#039;exp\u00e9rience de l&#039;innovation num\u00e9rique\",\"publisher\":{\"@id\":\"https:\/\/iclan.cm\/en\/#organization\"},\"potentialAction\":[{\"@type\":\"SearchAction\",\"target\":{\"@type\":\"EntryPoint\",\"urlTemplate\":\"https:\/\/iclan.cm\/en\/?s={search_term_string}\"},\"query-input\":{\"@type\":\"PropertyValueSpecification\",\"valueRequired\":true,\"valueName\":\"search_term_string\"}}],\"inLanguage\":\"fr-FR\"},{\"@type\":\"Organization\",\"@id\":\"https:\/\/iclan.cm\/en\/#organization\",\"name\":\"Innovative CLAN\",\"url\":\"https:\/\/iclan.cm\/en\/\",\"logo\":{\"@type\":\"ImageObject\",\"inLanguage\":\"fr-FR\",\"@id\":\"https:\/\/iclan.cm\/en\/#\/schema\/logo\/image\/\",\"url\":\"https:\/\/iclan.cm\/wp-content\/uploads\/2021\/02\/cropped-1541156131094-1.png\",\"contentUrl\":\"https:\/\/iclan.cm\/wp-content\/uploads\/2021\/02\/cropped-1541156131094-1.png\",\"width\":512,\"height\":512,\"caption\":\"Innovative CLAN\"},\"image\":{\"@id\":\"https:\/\/iclan.cm\/en\/#\/schema\/logo\/image\/\"},\"sameAs\":[\"https:\/\/web.facebook.com\/iclan.cm\",\"https:\/\/x.com\/iclanLTD\",\"https:\/\/www.linkedin.com\/company\/iclan\/\",\"https:\/\/www.youtube.com\/channel\/UCqlXEBjUoLxRRqqdSSj756g\"]}]}<\/script>\n<!-- \/ Yoast SEO plugin. -->","yoast_head_json":{"title":"Who We Are - I-CLAN","robots":{"index":"index","follow":"follow","max-snippet":"max-snippet:-1","max-image-preview":"max-image-preview:large","max-video-preview":"max-video-preview:-1"},"canonical":"https:\/\/iclan.cm\/en\/who-we-are\/","og_locale":"fr_FR","og_type":"article","og_title":"Who We Are - I-CLAN","og_url":"https:\/\/iclan.cm\/en\/who-we-are\/","og_site_name":"I-CLAN","article_publisher":"https:\/\/web.facebook.com\/iclan.cm","article_modified_time":"2021-08-13T17:15:25+00:00","og_image":[{"width":1024,"height":507,"url":"https:\/\/iclan.cm\/wp-content\/uploads\/2021\/08\/iclan-1024x507.png","type":"image\/png"}],"twitter_card":"summary_large_image","twitter_site":"@iclanLTD","twitter_misc":{"Dur\u00e9e de lecture estim\u00e9e":"3 minutes"},"schema":{"@context":"https:\/\/schema.org","@graph":[{"@type":"WebPage","@id":"https:\/\/iclan.cm\/en\/who-we-are\/","url":"https:\/\/iclan.cm\/en\/who-we-are\/","name":"Who We Are - I-CLAN","isPartOf":{"@id":"https:\/\/iclan.cm\/en\/#website"},"datePublished":"2021-02-09T00:05:06+00:00","dateModified":"2021-08-13T17:15:25+00:00","breadcrumb":{"@id":"https:\/\/iclan.cm\/en\/who-we-are\/#breadcrumb"},"inLanguage":"fr-FR","potentialAction":[{"@type":"ReadAction","target":["https:\/\/iclan.cm\/en\/who-we-are\/"]}]},{"@type":"BreadcrumbList","@id":"https:\/\/iclan.cm\/en\/who-we-are\/#breadcrumb","itemListElement":[{"@type":"ListItem","position":1,"name":"Home","item":"https:\/\/iclan.cm\/en\/"},{"@type":"ListItem","position":2,"name":"Who We Are"}]},{"@type":"WebSite","@id":"https:\/\/iclan.cm\/en\/#website","url":"https:\/\/iclan.cm\/en\/","name":"I-CLAN","description":"L&#039;exp\u00e9rience de l&#039;innovation num\u00e9rique","publisher":{"@id":"https:\/\/iclan.cm\/en\/#organization"},"potentialAction":[{"@type":"SearchAction","target":{"@type":"EntryPoint","urlTemplate":"https:\/\/iclan.cm\/en\/?s={search_term_string}"},"query-input":{"@type":"PropertyValueSpecification","valueRequired":true,"valueName":"search_term_string"}}],"inLanguage":"fr-FR"},{"@type":"Organization","@id":"https:\/\/iclan.cm\/en\/#organization","name":"Innovative CLAN","url":"https:\/\/iclan.cm\/en\/","logo":{"@type":"ImageObject","inLanguage":"fr-FR","@id":"https:\/\/iclan.cm\/en\/#\/schema\/logo\/image\/","url":"https:\/\/iclan.cm\/wp-content\/uploads\/2021\/02\/cropped-1541156131094-1.png","contentUrl":"https:\/\/iclan.cm\/wp-content\/uploads\/2021\/02\/cropped-1541156131094-1.png","width":512,"height":512,"caption":"Innovative CLAN"},"image":{"@id":"https:\/\/iclan.cm\/en\/#\/schema\/logo\/image\/"},"sameAs":["https:\/\/web.facebook.com\/iclan.cm","https:\/\/x.com\/iclanLTD","https:\/\/www.linkedin.com\/company\/iclan\/","https:\/\/www.youtube.com\/channel\/UCqlXEBjUoLxRRqqdSSj756g"]}]}},"_links":{"self":[{"href":"https:\/\/iclan.cm\/fr\/wp-json\/wp\/v2\/pages\/44","targetHints":{"allow":["GET"]}}],"collection":[{"href":"https:\/\/iclan.cm\/fr\/wp-json\/wp\/v2\/pages"}],"about":[{"href":"https:\/\/iclan.cm\/fr\/wp-json\/wp\/v2\/types\/page"}],"author":[{"embeddable":true,"href":"https:\/\/iclan.cm\/fr\/wp-json\/wp\/v2\/users\/1"}],"replies":[{"embeddable":true,"href":"https:\/\/iclan.cm\/fr\/wp-json\/wp\/v2\/comments?post=44"}],"version-history":[{"count":185,"href":"https:\/\/iclan.cm\/fr\/wp-json\/wp\/v2\/pages\/44\/revisions"}],"predecessor-version":[{"id":2350,"href":"https:\/\/iclan.cm\/fr\/wp-json\/wp\/v2\/pages\/44\/revisions\/2350"}],"wp:attachment":[{"href":"https:\/\/iclan.cm\/fr\/wp-json\/wp\/v2\/media?parent=44"}],"curies":[{"name":"wp","href":"https:\/\/api.w.org\/{rel}","templated":true}]}}